{"id":26719,"date":"2018-05-22T18:54:53","date_gmt":"2018-05-22T18:54:53","guid":{"rendered":"http:\/\/controlarms.org\/trabajos\/"},"modified":"2018-05-23T16:58:21","modified_gmt":"2018-05-23T16:58:21","slug":"trabajos","status":"publish","type":"page","link":"https:\/\/controlarms.org\/es\/trabajos\/","title":{"rendered":"Trabajos"},"content":{"rendered":"<p>[et_pb_section bb_built=\u00bb1&#8243;][et_pb_row][et_pb_column type=\u00bb4_4&#8243;][et_pb_text _builder_version=\u00bb3.0.75&#8243; background_layout=\u00bblight\u00bb border_style=\u00bbsolid\u00bb]<\/p>\n<h1><strong>Trabajos y\u00a0Pasant\u00edas<\/strong><\/h1>\n<p>[\/et_pb_text][et_pb_text _builder_version=\u00bb3.0.75&#8243; background_layout=\u00bblight\u00bb border_style=\u00bbsolid\u00bb]<\/p>\n<p>\u00bfLe apasiona el control de armas, el desarme y \/ o los procesos multilaterales relacionados con la seguridad internacional? \u00bfLe interesa trabajar con coaliciones internacionales de la sociedad civil y organizaciones internacionales? Armas bajo Control te est\u00e1 buscando!<\/p>\n<p>Estamos buscando candidatos para dos puestos interesantes. Haga clic en los enlaces a continuaci\u00f3n para ver la descripci\u00f3n del trabajo para cada puesto:<\/p>\n<ol>\n<li>Investigador: ATT Monitor<\/li>\n<li>Oficial de enlace de pol\u00edtica y gobierno con sede en Ginebra<\/li>\n<\/ol>\n<p>Los\u00a0candidatos ideales deben ser din\u00e1micos y motivados para trabajar en desarme y control de armamentos, tener un buen conocimiento del TCA, tener pasi\u00f3n por trabajar en coaliciones y disposici\u00f3n para apoyar al equipo en todas las tareas, grandes y peque\u00f1as.<\/p>\n<p>Por favor lea estas notas cuidadosamente <strong>antes\u00a0<\/strong>de completar el formulario de solicitud:<\/p>\n<ul>\n<li>Haz clica aqu\u00ed para descargar el <a href=\"https:\/\/www.dropbox.com\/s\/fztqtw2ymsurxk0\/AppForm.doc?dl=0\">FORMULARIO DE SOLICITUD DE TRABAJO<\/a> y siga las instrucciones cuidadosamente<\/li>\n<li><strong>No env\u00ede su CV<\/strong> porque no ser\u00e1 aceptado en lugar de, o adem\u00e1s de, un <a href=\"https:\/\/www.dropbox.com\/s\/fztqtw2ymsurxk0\/AppForm.doc?dl=0\">formulario de solicitud<\/a> completado<\/li>\n<li>Cuando corresponda, se lo esperar\u00e1, como parte del proceso de contrataci\u00f3n, para demostrar su derecho al trabajo en el pa\u00eds en cuesti\u00f3n. Esto es particularmente cierto para puestos basados \u200b\u200ben Europa y EE. UU. Por favor, indique el estado de su visa en la secci\u00f3n 1 del formulario.<\/li>\n<li>Nuestro objetivo es designar al mejor candidato para cada vacante. Para hacer esto de manera justa, necesitamos que todos los solicitantes brinden tanta informaci\u00f3n relevante sobre ellos como sea posible. <strong>Esta informaci\u00f3n debe basarse en los requisitos enumerados en la descripci\u00f3n del trabajo<\/strong>, que se consideran esenciales para hacer el trabajo.<\/li>\n<li>La secci\u00f3n 7 del formulario de solicitud (su resumen) es la parte m\u00e1s importante de su solicitud y debe usarse para decirnos <strong>por qu\u00e9 est\u00e1 solicitando el puesto<\/strong> y c\u00f3mo cree que cumple con <strong>las habilidades y la experiencia<\/strong> enumeradas en la especificaci\u00f3n de la persona. Si no lo haces, no ser\u00e1s preseleccionado. Por favor, ejemplifique su declaraci\u00f3n con ejemplos extra\u00eddos de su conocimiento, experiencia, habilidades y logros adquiridos en empleos anteriores u otras actividades relevantes para el trabajo.<\/li>\n<li>Env\u00ede su formulario de solicitud completo a jobs@controlarms.org<\/li>\n<li>Solamente entrar\u00e1n en contacto candidatos preseleccionados.<\/li>\n<\/ul>\n<p>La <strong>fecha l\u00edmite<\/strong> para todas las aplicaciones es el domingo, 4 de febrero, medianoche GMT.<\/p>\n<p>[\/et_pb_text][\/et_pb_column][\/et_pb_row][\/et_pb_section][et_pb_section bb_built=\u00bb1&#8243; fullwidth=\u00bboff\u00bb specialty=\u00bboff\u00bb transparent_background=\u00bboff\u00bb parallax_method=\u00bboff\u00bb custom_padding=\u00bb0px||0px|\u00bb padding_mobile=\u00bbon\u00bb background_color=\u00bb#3c3d41&#8243; _builder_version=\u00bb3.0.75&#8243; global_module=\u00bb4349&#8243;][et_pb_row global_parent=\u00bb4349&#8243; make_fullwidth=\u00bboff\u00bb use_custom_width=\u00bboff\u00bb width_unit=\u00bbon\u00bb use_custom_gutter=\u00bbon\u00bb gutter_width=\u00bb2&#8243; padding_mobile=\u00bbon\u00bb allow_player_pause=\u00bboff\u00bb parallax=\u00bboff\u00bb parallax_method=\u00bboff\u00bb make_equal=\u00bboff\u00bb parallax_1=\u00bboff\u00bb parallax_method_1=\u00bboff\u00bb column_padding_mobile=\u00bbon\u00bb custom_padding=\u00bb50px||50px|\u00bb parallax_2=\u00bboff\u00bb parallax_method_2=\u00bboff\u00bb parallax_3=\u00bboff\u00bb parallax_method_3=\u00bboff\u00bb background_position=\u00bbtop_left\u00bb background_repeat=\u00bbrepeat\u00bb background_size=\u00bbinitial\u00bb][et_pb_column type=\u00bb1_4&#8243;][et_pb_text global_parent=\u00bb4349&#8243; background_layout=\u00bblight\u00bb text_orientation=\u00bbleft\u00bb text_font=\u00bbRaleway|on|||\u00bb text_font_size=\u00bb28&#8243; text_text_color=\u00bb#ffffff\u00bb text_line_height=\u00bb1.4em\u00bb border_style=\u00bbsolid\u00bb custom_margin=\u00bb||8px|\u00bb custom_css_main_element=\u00bbfont-weight: 900;\u00bb _builder_version=\u00bb3.0.67&#8243; module_alignment=\u00bbleft\u00bb]<\/p>\n<p><img decoding=\"async\" src=\"https:\/\/photos-6.dropbox.com\/t\/2\/AAD-RRlirQ7-C-ZO9JLSYP1Nf_1ya2nLeTxMs9uNNxONAQ\/12\/479747810\/jpeg\/32x32\/1\/_\/1\/2\/logo_es.JPG\/EL-S3DoYp9gBIAIoAigF\/tySSoYHMPvD75x49DzV18AE5DLrZvvl-T5YicoBalEA?size=800x600&amp;size_mode=3\" alt=\"logo_es.JPG\" \/><\/p>\n<p>[\/et_pb_text][et_pb_text global_parent=\u00bb4349&#8243; background_layout=\u00bblight\u00bb text_orientation=\u00bbleft\u00bb text_font=\u00bbSource Sans Pro||||\u00bb text_font_size=\u00bb16&#8243; text_text_color=\u00bb#aaaaaa\u00bb text_line_height=\u00bb1.5em\u00bb border_style=\u00bbsolid\u00bb custom_padding=\u00bb0px|||\u00bb max_width=\u00bb300px\u00bb custom_margin=\u00bb||30px|\u00bb custom_margin_tablet=\u00bb||10px|\u00bb custom_margin_last_edited=\u00bbon|tablet\u00bb _builder_version=\u00bb3.0.67&#8243; module_alignment=\u00bbleft\u00bb]<\/p>\n<p>Tel: +1 212-687-3146<br \/>\nEmail: info@controlarms.org<\/p>\n<p>[\/et_pb_text][\/et_pb_column][et_pb_column type=\u00bb1_4&#8243;][et_pb_text global_parent=\u00bb4349&#8243; background_layout=\u00bblight\u00bb text_orientation=\u00bbleft\u00bb text_font=\u00bbSource Sans Pro|on|||\u00bb text_font_size=\u00bb18&#8243; text_text_color=\u00bb#666666&#8243; text_line_height=\u00bb1.4em\u00bb border_style=\u00bbsolid\u00bb custom_margin=\u00bb||8px|\u00bb _builder_version=\u00bb3.0.67&#8243; module_alignment=\u00bbleft\u00bb]<\/p>\n<p>ACERCA DE<\/p>\n<p>[\/et_pb_text][et_pb_text global_parent=\u00bb4349&#8243; background_layout=\u00bblight\u00bb text_orientation=\u00bbleft\u00bb text_font=\u00bbSource Sans Pro||||\u00bb text_font_size=\u00bb18&#8243; text_text_color=\u00bb#ffffff\u00bb text_line_height=\u00bb2.2em\u00bb border_style=\u00bbsolid\u00bb custom_padding=\u00bb0px|||\u00bb _builder_version=\u00bb3.0.67&#8243; module_alignment=\u00bbleft\u00bb]<\/p>\n<p><a href=\"https:\/\/controlarms.org\/control-arms\/es\"><span style=\"color: #ffffff\">Armas bajo Control<\/span><\/a><br \/>\n<a href=\"https:\/\/controlarms.org\/conocer-al-equipo\/\"><span style=\"color: #ffffff\">Conocer al Equipo<\/span><\/a><br \/>\n<span style=\"color: #ffffff\"><a style=\"color: #ffffff\" href=\"#\">Cont\u00e1ctenos<\/a><\/span><\/p>\n<p>[\/et_pb_text][et_pb_text global_parent=\u00bb4349&#8243; background_layout=\u00bblight\u00bb text_orientation=\u00bbleft\u00bb text_font=\u00bbSource Sans Pro|on|||\u00bb text_font_size=\u00bb18&#8243; text_text_color=\u00bb#666666&#8243; text_line_height=\u00bb1.4em\u00bb border_style=\u00bbsolid\u00bb custom_margin=\u00bb||8px|\u00bb _builder_version=\u00bb3.0.67&#8243; module_alignment=\u00bbleft\u00bb]<\/p>\n<p>\u00daNETE<\/p>\n<p>[\/et_pb_text][et_pb_text global_parent=\u00bb4349&#8243; background_layout=\u00bblight\u00bb text_orientation=\u00bbleft\u00bb text_font=\u00bbSource Sans Pro||||\u00bb text_font_size=\u00bb18&#8243; text_text_color=\u00bb#ffffff\u00bb text_line_height=\u00bb2.2em\u00bb border_style=\u00bbsolid\u00bb custom_padding=\u00bb0px|||\u00bb _builder_version=\u00bb3.0.67&#8243; module_alignment=\u00bbleft\u00bb]<\/p>\n<p><a href=\"https:\/\/controlarms.org\/miembros\/?lang=es\"><span style=\"color: #ffffff\">Miembros<\/span><\/a><\/p>\n<p>[\/et_pb_text][\/et_pb_column][et_pb_column type=\u00bb1_4&#8243;][et_pb_text global_parent=\u00bb4349&#8243; background_layout=\u00bblight\u00bb text_orientation=\u00bbleft\u00bb text_font=\u00bbSource Sans Pro|on|||\u00bb text_font_size=\u00bb18&#8243; text_text_color=\u00bb#666666&#8243; text_line_height=\u00bb1.4em\u00bb border_style=\u00bbsolid\u00bb custom_margin=\u00bb||8px|\u00bb _builder_version=\u00bb3.0.67&#8243; module_alignment=\u00bbleft\u00bb]<\/p>\n<p>EL TRATADO<\/p>\n<p>[\/et_pb_text][et_pb_text global_parent=\u00bb4349&#8243; background_layout=\u00bblight\u00bb text_orientation=\u00bbleft\u00bb text_font=\u00bbSource Sans Pro||||\u00bb text_font_size=\u00bb18&#8243; text_text_color=\u00bb#ffffff\u00bb text_line_height=\u00bb2.2em\u00bb border_style=\u00bbsolid\u00bb custom_padding=\u00bb0px|||\u00bb _builder_version=\u00bb3.0.67&#8243; module_alignment=\u00bbleft\u00bb]<\/p>\n<p><span style=\"color: #ffffff\"><a style=\"color: #ffffff\" href=\"#\">TCA<\/a><\/span><br \/>\n<span style=\"color: #ffffff\"><a style=\"color: #ffffff\" href=\"#\">Reuniones Pasadas<\/a><\/span><br \/>\n<span style=\"color: #ffffff\"><a style=\"color: #ffffff\" href=\"#\">CSP<\/a><\/span><\/p>\n<p>[\/et_pb_text][et_pb_text global_parent=\u00bb4349&#8243; background_layout=\u00bblight\u00bb text_orientation=\u00bbleft\u00bb text_font=\u00bbSource Sans Pro|on|||\u00bb text_font_size=\u00bb18&#8243; text_text_color=\u00bb#666666&#8243; text_line_height=\u00bb1.4em\u00bb border_style=\u00bbsolid\u00bb custom_margin=\u00bb||8px|\u00bb _builder_version=\u00bb3.0.67&#8243; module_alignment=\u00bbleft\u00bb]<\/p>\n<p>MEDIA<\/p>\n<p>[\/et_pb_text][et_pb_text global_parent=\u00bb4349&#8243; background_layout=\u00bblight\u00bb text_orientation=\u00bbleft\u00bb text_font=\u00bbSource Sans Pro||||\u00bb text_font_size=\u00bb18&#8243; text_text_color=\u00bb#ffffff\u00bb text_line_height=\u00bb2.2em\u00bb border_style=\u00bbsolid\u00bb custom_padding=\u00bb0px|||\u00bb _builder_version=\u00bb3.0.67&#8243; module_alignment=\u00bbleft\u00bb]<\/p>\n<p><span style=\"color: #ffffff\"><a style=\"color: #ffffff\" href=\"#\">Noticias<\/a><\/span><br \/>\n<span style=\"color: #ffffff\"><a style=\"color: #ffffff\" href=\"#\">Prensa<\/a><\/span><br \/>\n<span style=\"color: #ffffff\"><a style=\"color: #ffffff\" href=\"#\">Titulares<\/a><\/span><\/p>\n<p>[\/et_pb_text][\/et_pb_column][et_pb_column type=\u00bb1_4&#8243;][et_pb_text global_parent=\u00bb4349&#8243; background_layout=\u00bblight\u00bb text_orientation=\u00bbleft\u00bb text_font=\u00bbSource Sans Pro|on|||\u00bb text_font_size=\u00bb18&#8243; text_text_color=\u00bb#666666&#8243; text_line_height=\u00bb1.4em\u00bb border_style=\u00bbsolid\u00bb custom_margin=\u00bb||8px|\u00bb _builder_version=\u00bb3.0.67&#8243; module_alignment=\u00bbleft\u00bb]<\/p>\n<p>RECURSOS<\/p>\n<p>[\/et_pb_text][et_pb_text global_parent=\u00bb4349&#8243; background_layout=\u00bblight\u00bb text_orientation=\u00bbleft\u00bb text_font=\u00bbSource Sans Pro||||\u00bb text_font_size=\u00bb18&#8243; text_text_color=\u00bb#ffffff\u00bb text_line_height=\u00bb2.2em\u00bb border_style=\u00bbsolid\u00bb custom_padding=\u00bb0px|||\u00bb _builder_version=\u00bb3.0.67&#8243; module_alignment=\u00bbleft\u00bb]<\/p>\n<p><span style=\"color: #ffffff\"><a style=\"color: #ffffff\" href=\"#\">Reportes e Investigaci\u00f3n<\/a><\/span><\/p>\n<p>[\/et_pb_text][et_pb_text global_parent=\u00bb4349&#8243; background_layout=\u00bblight\u00bb text_orientation=\u00bbleft\u00bb text_font=\u00bbSource Sans Pro|on|||\u00bb text_font_size=\u00bb18&#8243; text_text_color=\u00bb#666666&#8243; text_line_height=\u00bb1.4em\u00bb border_style=\u00bbsolid\u00bb custom_margin=\u00bb||8px|\u00bb _builder_version=\u00bb3.0.67&#8243; module_alignment=\u00bbleft\u00bb]<\/p>\n<p>ATT LEGAL<\/p>\n<p>[\/et_pb_text][et_pb_text global_parent=\u00bb4349&#8243; background_layout=\u00bblight\u00bb text_orientation=\u00bbleft\u00bb text_font=\u00bbSource Sans Pro||||\u00bb text_font_size=\u00bb18&#8243; text_text_color=\u00bb#ffffff\u00bb text_line_height=\u00bb2.2em\u00bb border_style=\u00bbsolid\u00bb custom_padding=\u00bb0px|||\u00bb _builder_version=\u00bb3.0.67&#8243; module_alignment=\u00bbleft\u00bb]<\/p>\n<p><span style=\"color: #ffffff\"><a style=\"color: #ffffff\" href=\"#\">Acerca de ATT Legal<\/a><\/span><br \/>\n<span style=\"color: #ffffff\"><a style=\"color: #ffffff\" href=\"#\">Unirse a la Red<\/a><\/span><br \/>\n<span style=\"color: #ffffff\"><a style=\"color: #ffffff\" href=\"#\">Acceso a Asistencia Legal<\/a><\/span><br \/>\n<span style=\"color: #ffffff\"><a style=\"color: #ffffff\" href=\"#\">Recursos ATT Legal<\/a><\/span><br \/>\n<span style=\"color: #ffffff\"><a style=\"color: #ffffff\" href=\"#\">Contactar ATT Legal<\/a><\/span><\/p>\n<p>[\/et_pb_text][\/et_pb_column][\/et_pb_row][\/et_pb_section]<\/p>\n","protected":false},"excerpt":{"rendered":"<p><div class=\"et_pb_row et_pb_row_0 et_pb_row_empty\">\n\t\t\t\t\n\t\t\t\t\n\t\t\t\t\n\t\t\t\t\n\t\t\t\t\n\t\t\t<\/div> Trabajos y\u00a0Pasant\u00edas \u00bfLe apasiona el control de armas, el desarme y \/ o los procesos multilaterales relacionados con la seguridad internacional? \u00bfLe interesa trabajar con coaliciones internacionales de la sociedad civil y organizaciones internacionales? Armas bajo Control te est\u00e1 buscando! Estamos buscando candidatos para dos puestos interesantes. Haga clic en los enlaces a continuaci\u00f3n [&hellip;]<\/p>\n","protected":false},"author":1,"featured_media":0,"parent":0,"menu_order":0,"comment_status":"closed","ping_status":"closed","template":"","meta":{"_et_pb_use_builder":"on","_et_pb_old_content":"","_et_gb_content_width":"","om_disable_all_campaigns":false,"_monsterinsights_skip_tracking":false,"_monsterinsights_sitenote_active":false,"_monsterinsights_sitenote_note":"","_monsterinsights_sitenote_category":0,"footnotes":""},"class_list":["post-26719","page","type-page","status-publish","hentry"],"aioseo_notices":[],"_links":{"self":[{"href":"https:\/\/controlarms.org\/es\/wp-json\/wp\/v2\/pages\/26719","targetHints":{"allow":["GET"]}}],"collection":[{"href":"https:\/\/controlarms.org\/es\/wp-json\/wp\/v2\/pages"}],"about":[{"href":"https:\/\/controlarms.org\/es\/wp-json\/wp\/v2\/types\/page"}],"author":[{"embeddable":true,"href":"https:\/\/controlarms.org\/es\/wp-json\/wp\/v2\/users\/1"}],"replies":[{"embeddable":true,"href":"https:\/\/controlarms.org\/es\/wp-json\/wp\/v2\/comments?post=26719"}],"version-history":[{"count":0,"href":"https:\/\/controlarms.org\/es\/wp-json\/wp\/v2\/pages\/26719\/revisions"}],"wp:attachment":[{"href":"https:\/\/controlarms.org\/es\/wp-json\/wp\/v2\/media?parent=26719"}],"curies":[{"name":"wp","href":"https:\/\/api.w.org\/{rel}","templated":true}]}}