{"id":26735,"date":"2018-05-22T19:08:58","date_gmt":"2018-05-22T19:08:58","guid":{"rendered":"http:\/\/controlarms.org\/unete-como-miembro\/"},"modified":"2018-05-23T20:20:55","modified_gmt":"2018-05-23T20:20:55","slug":"unete-como-miembro","status":"publish","type":"page","link":"https:\/\/controlarms.org\/es\/unete-como-miembro\/","title":{"rendered":"\u00danete como Miembro"},"content":{"rendered":"<p>[et_pb_section fb_built=\u00bb1&#8243; _builder_version=\u00bb3.0.47&#8243;][et_pb_row _builder_version=\u00bb3.0.47&#8243; background_size=\u00bbinitial\u00bb background_position=\u00bbtop_left\u00bb background_repeat=\u00bbrepeat\u00bb][et_pb_column type=\u00bb4_4&#8243; _builder_version=\u00bb3.0.47&#8243; parallax=\u00bboff\u00bb parallax_method=\u00bbon\u00bb][et_pb_text _builder_version=\u00bb3.0.101&#8243;]<\/p>\n<h2><strong>\u00danete como Miembro<\/strong><\/h2>\n<p class=\"content_header\"><em style=\"font-size: 14px\">Armas bajo Control es una coalici\u00f3n global de organizaciones no gubernamentales (ONG) que trabajan para la reducci\u00f3n de la violencia armada y el conflicto. En particular, abogamos por mayores controles en el comercio internacional de armas para poner fin al sufrimiento humano causado por el comercio irresponsable de armas y detener las transferencias de armas que alimentan el conflicto, la violencia armada sist\u00e9mica, la pobreza y las graves violaciones de los derechos humanos y el derecho internacional humanitario.<\/em><\/p>\n<p class=\"content_header\"><em>Armas bajo Control trabaja para cambiar la pol\u00edtica y la pr\u00e1ctica de los gobiernos y las organizaciones hacia estos objetivos, y crear conciencia sobre el problema entre el p\u00fablico<\/em>.<\/p>\n<p>[\/et_pb_text][et_pb_divider color=\u00bb#e02b20&#8243; show_divider=\u00bbon\u00bb height=\u00bb0px\u00bb _builder_version=\u00bb3.0.101&#8243; max_width=\u00bb5%\u00bb][\/et_pb_divider][et_pb_text _builder_version=\u00bb3.0.101&#8243;]<strong>Para ser elegible para ser miembro de Control Arms Coalition, las organizaciones deben cumplir con los siguientes criterios:<\/strong><\/p>\n<ul>\n<li>Estar registrado como una entidad legal independiente<\/li>\n<li>Ser no gubernamental y sin fines de lucro<\/li>\n<li>Ser p\u00fablicamente responsable y transparente<\/li>\n<li>No ser discriminatorio<\/li>\n<\/ul>\n<p><strong>Para unirse a Control Arms Coalition, los miembros de la organizaci\u00f3n deben:<\/strong><\/p>\n<ul>\n<li>Apoye la Llamada a la Acci\u00f3n de Armas Bajo Control<\/li>\n<li>Cumplir con la Promesa de Membres\u00eda de Armas Bajo Control<\/li>\n<li>Enviar respuestas al breve formulario de informaci\u00f3n a continuaci\u00f3n<\/li>\n<\/ul>\n<p>La Secretar\u00eda de Control Arms apoya a los miembros de la Coalici\u00f3n a trav\u00e9s de la coordinaci\u00f3n, el intercambio de informaci\u00f3n, los recursos y el asesoramiento sobre pol\u00edticas y campa\u00f1as.<br \/>\n[\/et_pb_text][et_pb_divider color=\u00bb#e02b20&#8243; show_divider=\u00bbon\u00bb height=\u00bb0px\u00bb _builder_version=\u00bb3.0.101&#8243; max_width=\u00bb5%\u00bb][\/et_pb_divider][\/et_pb_column][\/et_pb_row][et_pb_row _builder_version=\u00bb3.0.47&#8243; background_size=\u00bbinitial\u00bb background_position=\u00bbtop_left\u00bb background_repeat=\u00bbrepeat\u00bb][et_pb_column type=\u00bb1_2&#8243; _builder_version=\u00bb3.0.47&#8243; parallax=\u00bboff\u00bb parallax_method=\u00bbon\u00bb][et_pb_text admin_label=\u00bbCall to Action\u00bb _builder_version=\u00bb3.0.101&#8243;]<\/p>\n<div class=\"content\">\n<h2 class=\"content_header\"><strong>Llamada a la acci\u00f3n<\/strong><\/h2>\n<p><strong>The Control Arms Coalition calls for:\u00a0<\/strong><\/p>\n<ul>\n<li>The universalization and robust implementation of the Arms Trade Treaty to ensure that the Treaty&#8217;s main goal &#8211; <em>to reduce human suffering<\/em> &#8211; becomes a reality<\/li>\n<li>Rigorous adherence to the legal obligations under the Treaty in order\u00a0 to stop\u00a0arms transfers that may fuel conflict, poverty and human rights abuses.<\/li>\n<li>Comprehensive, timely and public reports in order to bring the arms trade out of the shadows<\/li>\n<\/ul>\n<\/div>\n<p>[\/et_pb_text][\/et_pb_column][et_pb_column type=\u00bb1_2&#8243; _builder_version=\u00bb3.0.47&#8243; parallax=\u00bboff\u00bb parallax_method=\u00bbon\u00bb][et_pb_text _builder_version=\u00bb3.0.101&#8243;]<\/p>\n<h2 class=\"content_header\"><strong>Compromiso de membres\u00eda<\/strong><\/h2>\n<p>The following pledge describes the responsibilities that organizations agree to by becoming a member of the Control Arms Coalition.<\/p>\n<p><strong>As a member of the Control Arms Coalition, my organization pledges to:<\/strong><\/p>\n<ul type=\"disc\">\n<li>Actively work toward the effective universalization and implementation of the Arms Trade Treaty.<\/li>\n<li>Share regular information updates on campaign actions and developments.<\/li>\n<li>Assist with campaign development, support and conduct targeted advocacy actions.<\/li>\n<\/ul>\n<p>[\/et_pb_text][\/et_pb_column][\/et_pb_row][et_pb_row _builder_version=\u00bb3.0.47&#8243; background_size=\u00bbinitial\u00bb background_position=\u00bbtop_left\u00bb background_repeat=\u00bbrepeat\u00bb][et_pb_column type=\u00bb4_4&#8243; _builder_version=\u00bb3.0.47&#8243; parallax=\u00bboff\u00bb parallax_method=\u00bbon\u00bb][et_pb_contact_form email=\u00bbraluca.muresan@controlarms.org\u00bb title=\u00bbInformaci\u00f3n de miembro\u00bb _builder_version=\u00bb3.0.101&#8243; border_width_all=\u00bb1px\u00bb border_color_all=\u00bbrgba(51,51,51,0.12)\u00bb module_id=\u00bbet_pb_contact_form_0&#8243;][et_pb_contact_field field_id=\u00bbName_of_Organization\u00bb field_title=\u00bbNombre de la organizaci\u00f3n *\u00bb _builder_version=\u00bb3.0.101&#8243;][\/et_pb_contact_field][et_pb_contact_field field_id=\u00bbCountry\u00bb field_title=\u00bbPa\u00eds *\u00bb _builder_version=\u00bb3.0.101&#8243;][\/et_pb_contact_field][et_pb_contact_field field_id=\u00bbEmail\u00bb field_title=\u00bbEmail *\u00bb field_type=\u00bbemail\u00bb _builder_version=\u00bb3.0.101&#8243;][\/et_pb_contact_field][et_pb_contact_field field_id=\u00bbPhone\u00bb field_title=\u00bbTel\u00e9fono *\u00bb _builder_version=\u00bb3.0.101&#8243;][\/et_pb_contact_field][et_pb_contact_field field_id=\u00bbMailing_Address\u00bb field_title=\u00bbDirecci\u00f3n de envio\u00bb required_mark=\u00bboff\u00bb _builder_version=\u00bb3.0.101&#8243;][\/et_pb_contact_field][et_pb_contact_field field_id=\u00bbFax\u00bb field_title=\u00bbFax\u00bb required_mark=\u00bboff\u00bb _builder_version=\u00bb3.0.101&#8243;][\/et_pb_contact_field][et_pb_contact_field field_id=\u00bbTwitter\u00bb field_title=\u00bbTwitter\u00bb required_mark=\u00bboff\u00bb _builder_version=\u00bb3.0.101&#8243;][\/et_pb_contact_field][et_pb_contact_field field_id=\u00bbSitio web\u00bb field_title=\u00bbSitio web\u00bb required_mark=\u00bboff\u00bb _builder_version=\u00bb3.0.101&#8243;][\/et_pb_contact_field][et_pb_contact_field field_id=\u00bbDivider\u00bb required_mark=\u00bboff\u00bb fullwidth_field=\u00bbon\u00bb field_background_color=\u00bbrgba(0,0,0,0)\u00bb _builder_version=\u00bb3.0.101&#8243; form_field_text_color=\u00bbrgba(0,0,0,0)\u00bb][\/et_pb_contact_field][et_pb_contact_field field_id=\u00bbName_of_Primary_Contact\u00bb field_title=\u00bbNombre de la persona de contacto principal *\u00bb _builder_version=\u00bb3.0.101&#8243;][\/et_pb_contact_field][et_pb_contact_field field_id=\u00bbEmail_2&#8243; field_title=\u00bbEmail *\u00bb field_type=\u00bbemail\u00bb _builder_version=\u00bb3.0.101&#8243;][\/et_pb_contact_field][et_pb_contact_field field_id=\u00bbPhone_2&#8243; field_title=\u00bbTel\u00e9fono\u00bb required_mark=\u00bboff\u00bb _builder_version=\u00bb3.0.101&#8243;][\/et_pb_contact_field][et_pb_contact_field field_id=\u00bbSkype\u00bb field_title=\u00bbSkype\u00bb required_mark=\u00bboff\u00bb _builder_version=\u00bb3.0.101&#8243;][\/et_pb_contact_field][et_pb_contact_field field_id=\u00bbTwitter_2&#8243; field_title=\u00bbTwitter\u00bb required_mark=\u00bboff\u00bb _builder_version=\u00bb3.0.101&#8243;][\/et_pb_contact_field][et_pb_contact_field field_id=\u00bbSitio web\/Blog\u00bb field_title=\u00bbSitio web\/Blog\u00bb required_mark=\u00bboff\u00bb _builder_version=\u00bb3.0.101&#8243;][\/et_pb_contact_field][et_pb_contact_field field_id=\u00bbDivider\u00bb required_mark=\u00bboff\u00bb fullwidth_field=\u00bbon\u00bb field_background_color=\u00bbrgba(0,0,0,0)\u00bb _builder_version=\u00bb3.0.101&#8243; form_field_text_color=\u00bbrgba(0,0,0,0)\u00bb][\/et_pb_contact_field][et_pb_contact_field field_id=\u00bbWhat_are_the_goals\u00bb field_title=\u00bb\u00bfCu\u00e1les son los objetivos y la misi\u00f3n de su organizaci\u00f3n?\u00bb field_type=\u00bbtext\u00bb required_mark=\u00bboff\u00bb fullwidth_field=\u00bbon\u00bb _builder_version=\u00bb3.0.101&#8243;][\/et_pb_contact_field][et_pb_contact_field field_id=\u00bbDescribe_the_nature\u00bb field_title=\u00bbDescriba la naturaleza y el nivel (es decir, el tiempo estimado de personal \/ voluntario) de la participaci\u00f3n que su organizaci\u00f3n planea tener como miembro de la coalici\u00f3n Control Arms.\u00bb field_type=\u00bbtext\u00bb required_mark=\u00bboff\u00bb fullwidth_field=\u00bbon\u00bb _builder_version=\u00bb3.0.101&#8243;][\/et_pb_contact_field][et_pb_contact_field field_id=\u00bbAgreement\u00bb field_title=\u00bb \u00bb field_type=\u00bbcheckbox\u00bb checkbox_options=\u00bb%91{%22value%22:%22My organization understands, endorses and commits to work for the Control Arms coalition&#8217;s Call to Action, receive regular updates and agrees to abide by the Control Arms coalition Membership Pledge.%22,%22checked%22:0}%93&#8243; fullwidth_field=\u00bbon\u00bb _builder_version=\u00bb3.0.101&#8243;][\/et_pb_contact_field][\/et_pb_contact_form][et_pb_text _builder_version=\u00bb3.0.101&#8243;]<strong>Descargo de responsabilidad<\/strong>: Control Arms se reserva el derecho de solicitar informaci\u00f3n adicional y documentos que demuestren que el solicitante cumple con los criterios de membres\u00eda y \/ o corrobora los reclamos realizados en el formulario de solicitud.<br \/>\n[\/et_pb_text][\/et_pb_column][\/et_pb_row][\/et_pb_section][et_pb_section fb_built=\u00bb1&#8243; background_color=\u00bb#3c3d41&#8243; _builder_version=\u00bb3.0.75&#8243; custom_padding=\u00bb0px||0px|\u00bb transparent_background=\u00bboff\u00bb padding_mobile=\u00bbon\u00bb][et_pb_row use_custom_gutter=\u00bbon\u00bb gutter_width=\u00bb2&#8243; custom_padding=\u00bb50px||50px|\u00bb padding_mobile=\u00bbon\u00bb column_padding_mobile=\u00bbon\u00bb parallax_method_1=\u00bboff\u00bb parallax_method_2=\u00bboff\u00bb parallax_method_3=\u00bboff\u00bb _builder_version=\u00bb3.0.47&#8243; background_size=\u00bbinitial\u00bb background_position=\u00bbtop_left\u00bb background_repeat=\u00bbrepeat\u00bb][et_pb_column type=\u00bb1_4&#8243; _builder_version=\u00bb3.0.47&#8243; column_padding_mobile=\u00bbon\u00bb parallax=\u00bboff\u00bb parallax_method=\u00bboff\u00bb][et_pb_text _builder_version=\u00bb3.0.67&#8243; text_font=\u00bbRaleway|on|||\u00bb text_font_size=\u00bb28&#8243; text_text_color=\u00bb#ffffff\u00bb text_line_height=\u00bb1.4em\u00bb module_alignment=\u00bbleft\u00bb custom_margin=\u00bb||8px|\u00bb custom_css_main_element=\u00bbfont-weight: 900;\u00bb border_style=\u00bbsolid\u00bb]<img decoding=\"async\" src=\"https:\/\/photos-6.dropbox.com\/t\/2\/AAD-RRlirQ7-C-ZO9JLSYP1Nf_1ya2nLeTxMs9uNNxONAQ\/12\/479747810\/jpeg\/32x32\/1\/_\/1\/2\/logo_es.JPG\/EL-S3DoYp9gBIAIoAigF\/tySSoYHMPvD75x49DzV18AE5DLrZvvl-T5YicoBalEA?size=800x600&amp;size_mode=3\" alt=\"logo_es.JPG\" \/><br \/>\n[\/et_pb_text][et_pb_text _builder_version=\u00bb3.0.67&#8243; text_font=\u00bbSource Sans Pro||||\u00bb text_font_size=\u00bb16&#8243; text_text_color=\u00bb#aaaaaa\u00bb text_line_height=\u00bb1.5em\u00bb max_width=\u00bb300px\u00bb module_alignment=\u00bbleft\u00bb custom_margin=\u00bb||30px|\u00bb custom_margin_tablet=\u00bb||10px|\u00bb custom_margin_last_edited=\u00bbon|tablet\u00bb custom_padding=\u00bb0px|||\u00bb border_style=\u00bbsolid\u00bb]Tel: +1 212-687-3146<br \/>\nEmail: info@controlarms.org<br \/>\n[\/et_pb_text][\/et_pb_column][et_pb_column type=\u00bb1_4&#8243; _builder_version=\u00bb3.0.47&#8243; column_padding_mobile=\u00bbon\u00bb parallax=\u00bboff\u00bb parallax_method=\u00bboff\u00bb][et_pb_text disabled_on=\u00bboff|off|off\u00bb _builder_version=\u00bb3.0.101&#8243; text_font=\u00bbSource Sans Pro|on|||\u00bb text_font_size=\u00bb18&#8243; text_text_color=\u00bb#666666&#8243; text_line_height=\u00bb1.4em\u00bb module_alignment=\u00bbleft\u00bb custom_margin=\u00bb||8px|\u00bb border_style=\u00bbsolid\u00bb]ACERCA DE<br \/>\n[\/et_pb_text][et_pb_text disabled_on=\u00bboff|off|off\u00bb _builder_version=\u00bb3.0.101&#8243; text_font=\u00bbSource Sans Pro||||\u00bb text_font_size=\u00bb18&#8243; text_text_color=\u00bb#ffffff\u00bb text_line_height=\u00bb2.2em\u00bb module_alignment=\u00bbleft\u00bb custom_padding=\u00bb0px|||\u00bb]<span style=\"color: #ffffff\"><a style=\"color: #ffffff\" href=\"https:\/\/controlarms.org\/armas-bajo-control\/?lang=es\">Control Arms<\/a><\/span><br \/>\n<span style=\"color: #ffffff\"><a style=\"color: #ffffff\" href=\"https:\/\/controlarms.org\/conocer-al-equipo\/?lang=es\">Meet The Team<\/a><\/span><br \/>\n<span style=\"color: #ffffff\"><a style=\"color: #ffffff\" href=\"https:\/\/controlarms.org\/contactenos\/?lang=es\">Contact<\/a><\/span><br \/>\n[\/et_pb_text][et_pb_text disabled_on=\u00bbon|on|on\u00bb _builder_version=\u00bb3.0.67&#8243; text_font=\u00bbSource Sans Pro|on|||\u00bb text_font_size=\u00bb18&#8243; text_text_color=\u00bb#666666&#8243; text_line_height=\u00bb1.4em\u00bb module_alignment=\u00bbleft\u00bb custom_margin=\u00bb||8px|\u00bb border_style=\u00bbsolid\u00bb disabled=\u00bbon\u00bb]\u00daNETE<br \/>\n[\/et_pb_text][et_pb_text disabled_on=\u00bbon|on|on\u00bb _builder_version=\u00bb3.0.67&#8243; text_font=\u00bbSource Sans Pro||||\u00bb text_font_size=\u00bb18&#8243; text_text_color=\u00bb#ffffff\u00bb text_line_height=\u00bb2.2em\u00bb module_alignment=\u00bbleft\u00bb custom_padding=\u00bb0px|||\u00bb border_style=\u00bbsolid\u00bb disabled=\u00bbon\u00bb]<span style=\"color: #ffffff\"><a style=\"color: #ffffff\" href=\"#\">Member Organisations<\/a><\/span><br \/>\n[\/et_pb_text][\/et_pb_column][et_pb_column type=\u00bb1_4&#8243; _builder_version=\u00bb3.0.47&#8243; column_padding_mobile=\u00bbon\u00bb parallax=\u00bboff\u00bb parallax_method=\u00bboff\u00bb][et_pb_text disabled_on=\u00bboff|off|off\u00bb _builder_version=\u00bb3.0.101&#8243; text_font=\u00bbSource Sans Pro|on|||\u00bb text_font_size=\u00bb18&#8243; text_text_color=\u00bb#666666&#8243; text_line_height=\u00bb1.4em\u00bb module_alignment=\u00bbleft\u00bb custom_margin=\u00bb||8px|\u00bb border_style=\u00bbsolid\u00bb]EL TRATADO<br \/>\n[\/et_pb_text][et_pb_text disabled_on=\u00bboff|off|off\u00bb _builder_version=\u00bb3.0.101&#8243; text_font=\u00bbSource Sans Pro||||\u00bb text_font_size=\u00bb18&#8243; text_text_color=\u00bb#ffffff\u00bb text_line_height=\u00bb2.2em\u00bb module_alignment=\u00bbleft\u00bb custom_padding=\u00bb0px|||\u00bb]<span style=\"color: #ffffff\"><a style=\"color: #ffffff\" href=\"https:\/\/controlarms.org\/att\/?lang=es\">ATT<\/a><\/span><br \/>\n<span style=\"color: #ffffff\"><a style=\"color: #ffffff\" href=\"https:\/\/controlarms.org\/reuniones-pasadas\/?lang=es\">Past ATT Meetings<\/a><\/span><br \/>\n<span style=\"color: #ffffff\"><a style=\"color: #ffffff\" href=\"https:\/\/controlarms.org\/csp\/?lang=es\">CSP<\/a><\/span><br \/>\n[\/et_pb_text][et_pb_text disabled_on=\u00bbon|on|on\u00bb _builder_version=\u00bb3.0.67&#8243; text_font=\u00bbSource Sans Pro|on|||\u00bb text_font_size=\u00bb18&#8243; text_text_color=\u00bb#666666&#8243; text_line_height=\u00bb1.4em\u00bb module_alignment=\u00bbleft\u00bb custom_margin=\u00bb||8px|\u00bb border_style=\u00bbsolid\u00bb disabled=\u00bbon\u00bb]MEDIA<br \/>\n[\/et_pb_text][et_pb_text disabled_on=\u00bbon|on|on\u00bb _builder_version=\u00bb3.0.67&#8243; text_font=\u00bbSource Sans Pro||||\u00bb text_font_size=\u00bb18&#8243; text_text_color=\u00bb#ffffff\u00bb text_line_height=\u00bb2.2em\u00bb module_alignment=\u00bbleft\u00bb custom_padding=\u00bb0px|||\u00bb border_style=\u00bbsolid\u00bb disabled=\u00bbon\u00bb]<span style=\"color: #ffffff\"><a style=\"color: #ffffff\" href=\"#\">News<\/a><\/span><br \/>\n<span style=\"color: #ffffff\"><a style=\"color: #ffffff\" href=\"#\">Press<\/a><\/span><br \/>\n<span style=\"color: #ffffff\"><a style=\"color: #ffffff\" href=\"#\">Headlines<\/a><\/span><br \/>\n[\/et_pb_text][\/et_pb_column][et_pb_column type=\u00bb1_4&#8243; _builder_version=\u00bb3.0.47&#8243; column_padding_mobile=\u00bbon\u00bb parallax=\u00bboff\u00bb parallax_method=\u00bbon\u00bb][et_pb_text disabled_on=\u00bboff|off|off\u00bb _builder_version=\u00bb3.0.101&#8243; text_font=\u00bbSource Sans Pro|on|||\u00bb text_font_size=\u00bb18&#8243; text_text_color=\u00bb#666666&#8243; text_line_height=\u00bb1.4em\u00bb module_alignment=\u00bbleft\u00bb custom_margin=\u00bb||8px|\u00bb border_style=\u00bbsolid\u00bb]RECURSOS<br \/>\n[\/et_pb_text][et_pb_text disabled_on=\u00bboff|off|off\u00bb _builder_version=\u00bb3.0.101&#8243; text_font=\u00bbSource Sans Pro||||\u00bb text_font_size=\u00bb18&#8243; text_text_color=\u00bb#ffffff\u00bb text_line_height=\u00bb2.2em\u00bb module_alignment=\u00bbleft\u00bb custom_padding=\u00bb0px|||\u00bb]<span style=\"color: #ffffff\"><a style=\"color: #ffffff\" href=\"https:\/\/controlarms.org\/investigacion-y-informes\/?lang=es\">Research &amp; Reports<\/a><\/span><br \/>\n[\/et_pb_text][et_pb_text disabled_on=\u00bbon|on|on\u00bb _builder_version=\u00bb3.0.67&#8243; text_font=\u00bbSource Sans Pro|on|||\u00bb text_font_size=\u00bb18&#8243; text_text_color=\u00bb#666666&#8243; text_line_height=\u00bb1.4em\u00bb module_alignment=\u00bbleft\u00bb custom_margin=\u00bb||8px|\u00bb border_style=\u00bbsolid\u00bb disabled=\u00bbon\u00bb]ATT LEGAL<br \/>\n[\/et_pb_text][et_pb_text disabled_on=\u00bbon|on|on\u00bb _builder_version=\u00bb3.0.67&#8243; text_font=\u00bbSource Sans Pro||||\u00bb text_font_size=\u00bb18&#8243; text_text_color=\u00bb#ffffff\u00bb text_line_height=\u00bb2.2em\u00bb module_alignment=\u00bbleft\u00bb custom_padding=\u00bb0px|||\u00bb border_style=\u00bbsolid\u00bb disabled=\u00bbon\u00bb]<span style=\"color: #ffffff\"><a style=\"color: #ffffff\" href=\"#\">About ATT Legal<\/a><\/span><br \/>\n<span style=\"color: #ffffff\"><a style=\"color: #ffffff\" href=\"#\">Join The Network<\/a><\/span><br \/>\n<span style=\"color: #ffffff\"><a style=\"color: #ffffff\" href=\"#\">Access Legal Assistance<\/a><\/span><br \/>\n<span style=\"color: #ffffff\"><a style=\"color: #ffffff\" href=\"#\">ATT Legal Resources<\/a><\/span><br \/>\n<span style=\"color: #ffffff\"><a style=\"color: #ffffff\" href=\"#\">Contact ATT Legal<\/a><\/span><br \/>\n[\/et_pb_text][\/et_pb_column][\/et_pb_row][\/et_pb_section]<\/p>\n","protected":false},"excerpt":{"rendered":"<p>\u00danete como Miembro Armas bajo Control es una coalici\u00f3n global de organizaciones no gubernamentales (ONG) que trabajan para la reducci\u00f3n de la violencia armada y el conflicto. En particular, abogamos por mayores controles en el comercio internacional de armas para poner fin al sufrimiento humano causado por el comercio irresponsable de armas y detener las [&hellip;]<\/p>\n","protected":false},"author":1,"featured_media":0,"parent":0,"menu_order":0,"comment_status":"closed","ping_status":"closed","template":"","meta":{"_et_pb_use_builder":"on","_et_pb_old_content":"","_et_gb_content_width":"","om_disable_all_campaigns":false,"_monsterinsights_skip_tracking":false,"_monsterinsights_sitenote_active":false,"_monsterinsights_sitenote_note":"","_monsterinsights_sitenote_category":0,"footnotes":""},"class_list":["post-26735","page","type-page","status-publish","hentry"],"aioseo_notices":[],"_links":{"self":[{"href":"https:\/\/controlarms.org\/es\/wp-json\/wp\/v2\/pages\/26735","targetHints":{"allow":["GET"]}}],"collection":[{"href":"https:\/\/controlarms.org\/es\/wp-json\/wp\/v2\/pages"}],"about":[{"href":"https:\/\/controlarms.org\/es\/wp-json\/wp\/v2\/types\/page"}],"author":[{"embeddable":true,"href":"https:\/\/controlarms.org\/es\/wp-json\/wp\/v2\/users\/1"}],"replies":[{"embeddable":true,"href":"https:\/\/controlarms.org\/es\/wp-json\/wp\/v2\/comments?post=26735"}],"version-history":[{"count":0,"href":"https:\/\/controlarms.org\/es\/wp-json\/wp\/v2\/pages\/26735\/revisions"}],"wp:attachment":[{"href":"https:\/\/controlarms.org\/es\/wp-json\/wp\/v2\/media?parent=26735"}],"curies":[{"name":"wp","href":"https:\/\/api.w.org\/{rel}","templated":true}]}}