{"id":26801,"date":"2018-05-22T19:53:54","date_gmt":"2018-05-22T19:53:54","guid":{"rendered":"http:\/\/controlarms.org\/unete\/"},"modified":"2018-05-25T18:55:37","modified_gmt":"2018-05-25T18:55:37","slug":"unete","status":"publish","type":"page","link":"https:\/\/controlarms.org\/es\/unete\/","title":{"rendered":"\u00danete"},"content":{"rendered":"<p>[et_pb_section bb_built=\u00bb1&#8243; next_background_color=\u00bb#000000&#8243;][et_pb_row][et_pb_column type=\u00bb4_4&#8243;][et_pb_text _builder_version=\u00bb3.0.101&#8243; background_layout=\u00bblight\u00bb text_font_size=\u00bb20px\u00bb text_line_height=\u00bb1.8em\u00bb]<br \/>\nArmas bajo Control aboga por mayores controles en el comercio internacional de armas para acabar con el sufrimiento humano causado por el comercio irresponsable de armas y detener las transferencias de armas que alimentan el conflicto, la violencia armada sist\u00e9mica, la pobreza y graves violaciones de los derechos humanos y el derecho internacional humanitario.<br \/>\n[\/et_pb_text][\/et_pb_column][\/et_pb_row][et_pb_row _builder_version=\u00bb3.0.75&#8243; background_color_gradient_end_1=\u00bb#000000&#8243; bg_img_1=\u00bbhttps:\/\/controlarms.org\/wp-content\/uploads\/2017\/08\/02.png\u00bb][et_pb_column type=\u00bb1_2&#8243;][et_pb_text _builder_version=\u00bb3.0.75&#8243; background_layout=\u00bblight\u00bb border_style=\u00bbsolid\u00bb]<\/p>\n<h1>\u00danete como un Miembro<\/h1>\n<p>[\/et_pb_text][et_pb_text _builder_version=\u00bb3.0.101&#8243; background_layout=\u00bblight\u00bb]<\/p>\n<p>Convi\u00e9rtase en miembro de la Coalici\u00f3n de Armas bajo Control para trabajar con nosotros en la reducci\u00f3n de la violencia armada y el conflicto. Los miembros son organizaciones que trabajan activamente para la universalizaci\u00f3n y la implementaci\u00f3n del TCA, comparten las metas y objetivos de la Coalici\u00f3n de Armas bajo Control y apoyan sus mensajes de incidencia.<\/p>\n<p>[\/et_pb_text][et_pb_button _builder_version=\u00bb3.0.101&#8243; button_text=\u00bb\u00danete como Miembro\u00bb button_url=\u00bbhttps:\/\/controlarms.org\/unete-como-miembro\/?lang=es\u00bb url_new_window=\u00bboff\u00bb background_layout=\u00bblight\u00bb custom_button=\u00bboff\u00bb button_icon_placement=\u00bbright\u00bb custom_margin=\u00bb5%|||\u00bb \/][et_pb_divider _builder_version=\u00bb3.0.75&#8243; divider_style=\u00bbsolid\u00bb divider_position=\u00bbtop\u00bb height=\u00bb30px\u00bb \/][\/et_pb_column][et_pb_column type=\u00bb1_2&#8243;][et_pb_text _builder_version=\u00bb3.0.75&#8243; background_layout=\u00bblight\u00bb border_style=\u00bbsolid\u00bb]<\/p>\n<h1>\u00danete como Asociado<\/h1>\n<p>[\/et_pb_text][et_pb_text _builder_version=\u00bb3.0.101&#8243; background_layout=\u00bblight\u00bb]<\/p>\n<p>Convi\u00e9rtase en un asociado de la Coalici\u00f3n de Armas bajo Control para trabajar con nosotros en la reducci\u00f3n de la violencia armada y el conflicto. Los asociados son organizaciones, grupos e individuos que trabajan para la universalizaci\u00f3n y la implementaci\u00f3n del Tratado de Comercio de Armas, apoyan las metas y objetivos de la Coalici\u00f3n de Armas bajo Control, pero no participan en actividades de defensa.<\/p>\n<p>[\/et_pb_text][et_pb_button _builder_version=\u00bb3.0.101&#8243; button_text=\u00bb\u00danete como Asociado\u00bb url_new_window=\u00bboff\u00bb background_layout=\u00bblight\u00bb custom_button=\u00bboff\u00bb button_icon_placement=\u00bbright\u00bb button_url=\u00bbhttps:\/\/controlarms.org\/unete-como-asociado\/?lang=es\u00bb \/][et_pb_divider _builder_version=\u00bb3.0.75&#8243; divider_style=\u00bbsolid\u00bb divider_position=\u00bbtop\u00bb height=\u00bb30px\u00bb \/][\/et_pb_column][\/et_pb_row][\/et_pb_section][et_pb_section bb_built=\u00bb1&#8243; fullwidth=\u00bboff\u00bb specialty=\u00bboff\u00bb disabled_on=\u00bbon|on|on\u00bb disabled=\u00bbon\u00bb prev_background_color=\u00bb#000000&#8243; next_background_color=\u00bb#3c3d41&#8243;][et_pb_row _builder_version=\u00bb3.0.75&#8243; module_id=\u00bbmember\u00bb disabled_on=\u00bboff|off|off\u00bb disabled=\u00bboff\u00bb][et_pb_column type=\u00bb4_4&#8243;][et_pb_text _builder_version=\u00bb3.0.75&#8243; background_layout=\u00bblight\u00bb border_style=\u00bbsolid\u00bb module_alignment=\u00bbleft\u00bb]<\/p>\n<h2><strong>\u00danete como un Miembro<\/strong><\/h2>\n<p>[\/et_pb_text][et_pb_divider _builder_version=\u00bb3.0.67&#8243; show_divider=\u00bbon\u00bb color=\u00bb#de0031&#8243; divider_style=\u00bbsolid\u00bb divider_position=\u00bbtop\u00bb custom_css_main_element=\u00bbwidth: 5%;\u00bb hide_on_mobile=\u00bbon\u00bb disabled_on=\u00bbon|on|off\u00bb \/][et_pb_text _builder_version=\u00bb3.0.75&#8243; background_layout=\u00bblight\u00bb border_style=\u00bbsolid\u00bb module_alignment=\u00bbleft\u00bb]<\/p>\n<p>Armas bajo Control es una coalici\u00f3n gubernamental de organizaciones no gubernamentales (ONG) que trabajan para la reducci\u00f3n de la violencia armada y el conflicto. En particular, abogamos por mayores controles en el comercio internacional de armas para poner fin al sufrimiento humano causado por el comercio irresponsable de armas y detener las transferencias de armas que alimentan el conflicto, la violencia armada sist\u00e9mica, la pobreza y las graves violaciones de los derechos humanos y el derecho internacional humanitario.<br \/>\n[\/et_pb_text][et_pb_text admin_label=\u00bbForm\u00bb _builder_version=\u00bb3.0.75&#8243; background_layout=\u00bblight\u00bb text_orientation=\u00bbleft\u00bb border_style=\u00bbsolid\u00bb module_alignment=\u00bbleft\u00bb] [gravityform id=1 title=false description=false ajax=true tabindex=49] [\/et_pb_text][\/et_pb_column][\/et_pb_row][\/et_pb_section][et_pb_section bb_built=\u00bb1&#8243; fullwidth=\u00bboff\u00bb specialty=\u00bboff\u00bb transparent_background=\u00bboff\u00bb parallax_method=\u00bboff\u00bb custom_padding=\u00bb0px||0px|\u00bb padding_mobile=\u00bbon\u00bb background_color=\u00bb#3c3d41&#8243; _builder_version=\u00bb3.0.75&#8243; prev_background_color=\u00bb#ffffff\u00bb global_module=\u00bb4349&#8243;][et_pb_row global_parent=\u00bb4349&#8243; make_fullwidth=\u00bboff\u00bb use_custom_width=\u00bboff\u00bb width_unit=\u00bbon\u00bb use_custom_gutter=\u00bbon\u00bb gutter_width=\u00bb2&#8243; padding_mobile=\u00bbon\u00bb allow_player_pause=\u00bboff\u00bb parallax=\u00bboff\u00bb parallax_method=\u00bboff\u00bb make_equal=\u00bboff\u00bb parallax_1=\u00bboff\u00bb parallax_method_1=\u00bboff\u00bb column_padding_mobile=\u00bbon\u00bb custom_padding=\u00bb50px||50px|\u00bb parallax_2=\u00bboff\u00bb parallax_method_2=\u00bboff\u00bb parallax_3=\u00bboff\u00bb parallax_method_3=\u00bboff\u00bb background_position=\u00bbtop_left\u00bb background_repeat=\u00bbrepeat\u00bb background_size=\u00bbinitial\u00bb][et_pb_column type=\u00bb1_4&#8243;][et_pb_text global_parent=\u00bb4349&#8243; background_layout=\u00bblight\u00bb text_orientation=\u00bbleft\u00bb text_font=\u00bbRaleway|on|||\u00bb text_font_size=\u00bb28&#8243; text_text_color=\u00bb#ffffff\u00bb text_line_height=\u00bb1.4em\u00bb border_style=\u00bbsolid\u00bb custom_margin=\u00bb||8px|\u00bb custom_css_main_element=\u00bbfont-weight: 900;\u00bb _builder_version=\u00bb3.0.67&#8243; module_alignment=\u00bbleft\u00bb]<\/p>\n<p><img decoding=\"async\" src=\"https:\/\/photos-6.dropbox.com\/t\/2\/AAD-RRlirQ7-C-ZO9JLSYP1Nf_1ya2nLeTxMs9uNNxONAQ\/12\/479747810\/jpeg\/32x32\/1\/_\/1\/2\/logo_es.JPG\/EL-S3DoYp9gBIAIoAigF\/tySSoYHMPvD75x49DzV18AE5DLrZvvl-T5YicoBalEA?size=800x600&amp;size_mode=3\" alt=\"logo_es.JPG\" \/><\/p>\n<p>[\/et_pb_text][et_pb_text global_parent=\u00bb4349&#8243; background_layout=\u00bblight\u00bb text_orientation=\u00bbleft\u00bb text_font=\u00bbSource Sans Pro||||\u00bb text_font_size=\u00bb16&#8243; text_text_color=\u00bb#aaaaaa\u00bb text_line_height=\u00bb1.5em\u00bb border_style=\u00bbsolid\u00bb custom_padding=\u00bb0px|||\u00bb max_width=\u00bb300px\u00bb custom_margin=\u00bb||30px|\u00bb custom_margin_tablet=\u00bb||10px|\u00bb custom_margin_last_edited=\u00bbon|tablet\u00bb _builder_version=\u00bb3.0.67&#8243; module_alignment=\u00bbleft\u00bb]<\/p>\n<p>Tel: +1 212-687-3146<br \/>\nEmail: info@controlarms.org<\/p>\n<p>[\/et_pb_text][\/et_pb_column][et_pb_column type=\u00bb1_4&#8243;][et_pb_text global_parent=\u00bb4349&#8243; background_layout=\u00bblight\u00bb text_orientation=\u00bbleft\u00bb text_font=\u00bbSource Sans Pro|on|||\u00bb text_font_size=\u00bb18&#8243; text_text_color=\u00bb#666666&#8243; text_line_height=\u00bb1.4em\u00bb border_style=\u00bbsolid\u00bb custom_margin=\u00bb||8px|\u00bb _builder_version=\u00bb3.0.101&#8243; module_alignment=\u00bbleft\u00bb disabled_on=\u00bboff|off|off\u00bb disabled=\u00bboff\u00bb]<\/p>\n<p>ACERCA DE<\/p>\n<p>[\/et_pb_text][et_pb_text global_parent=\u00bb4349&#8243; background_layout=\u00bblight\u00bb text_orientation=\u00bbleft\u00bb text_font=\u00bbSource Sans Pro||||\u00bb text_font_size=\u00bb18&#8243; text_text_color=\u00bb#ffffff\u00bb text_line_height=\u00bb2.2em\u00bb border_style=\u00bbsolid\u00bb custom_padding=\u00bb0px|||\u00bb _builder_version=\u00bb3.0.101&#8243; module_alignment=\u00bbleft\u00bb disabled_on=\u00bboff|off|off\u00bb disabled=\u00bboff\u00bb]<\/p>\n<p><a href=\"https:\/\/controlarms.org\/armas-bajo-control\/?lang=es\"><span style=\"color: #ffffff\">Armas bajo Control<\/span><\/a><br \/>\n<a href=\"https:\/\/controlarms.org\/conocer-al-equipo\/?lang=es\"><span style=\"color: #ffffff\">Conocer al Equipo<\/span><\/a><br \/>\n<a href=\"https:\/\/controlarms.org\/contactenos\/?lang=es\"><span style=\"color: #ffffff\">Cont\u00e1ctenos<\/span><\/a><\/p>\n<p>[\/et_pb_text][et_pb_text global_parent=\u00bb4349&#8243; background_layout=\u00bblight\u00bb text_orientation=\u00bbleft\u00bb text_font=\u00bbSource Sans Pro|on|||\u00bb text_font_size=\u00bb18&#8243; text_text_color=\u00bb#666666&#8243; text_line_height=\u00bb1.4em\u00bb border_style=\u00bbsolid\u00bb custom_margin=\u00bb||8px|\u00bb _builder_version=\u00bb3.0.67&#8243; module_alignment=\u00bbleft\u00bb disabled_on=\u00bbon|on|on\u00bb disabled=\u00bbon\u00bb]<\/p>\n<p>\u00daNETE<\/p>\n<p>[\/et_pb_text][et_pb_text global_parent=\u00bb4349&#8243; background_layout=\u00bblight\u00bb text_orientation=\u00bbleft\u00bb text_font=\u00bbSource Sans Pro||||\u00bb text_font_size=\u00bb18&#8243; text_text_color=\u00bb#ffffff\u00bb text_line_height=\u00bb2.2em\u00bb border_style=\u00bbsolid\u00bb custom_padding=\u00bb0px|||\u00bb _builder_version=\u00bb3.0.67&#8243; module_alignment=\u00bbleft\u00bb disabled_on=\u00bbon|on|on\u00bb disabled=\u00bbon\u00bb]<\/p>\n<p><a href=\"https:\/\/controlarms.org\/miembros\/?lang=es\"><span style=\"color: #ffffff\">Miembros<\/span><\/a><\/p>\n<p>[\/et_pb_text][\/et_pb_column][et_pb_column type=\u00bb1_4&#8243;][et_pb_text global_parent=\u00bb4349&#8243; background_layout=\u00bblight\u00bb text_orientation=\u00bbleft\u00bb text_font=\u00bbSource Sans Pro|on|||\u00bb text_font_size=\u00bb18&#8243; text_text_color=\u00bb#666666&#8243; text_line_height=\u00bb1.4em\u00bb border_style=\u00bbsolid\u00bb custom_margin=\u00bb||8px|\u00bb _builder_version=\u00bb3.0.101&#8243; module_alignment=\u00bbleft\u00bb disabled_on=\u00bboff|off|off\u00bb disabled=\u00bboff\u00bb]<\/p>\n<p>EL TRATADO<\/p>\n<p>[\/et_pb_text][et_pb_text global_parent=\u00bb4349&#8243; background_layout=\u00bblight\u00bb text_orientation=\u00bbleft\u00bb text_font=\u00bbSource Sans Pro||||\u00bb text_font_size=\u00bb18&#8243; text_text_color=\u00bb#ffffff\u00bb text_line_height=\u00bb2.2em\u00bb border_style=\u00bbsolid\u00bb custom_padding=\u00bb0px|||\u00bb _builder_version=\u00bb3.0.67&#8243; module_alignment=\u00bbleft\u00bb disabled_on=\u00bboff|off|off\u00bb disabled=\u00bboff\u00bb]<\/p>\n<p><span style=\"color: #ffffff\"><a style=\"color: #ffffff\" href=\"https:\/\/controlarms.org\/att\/?lang=es\">TCA<\/a><\/span><br \/>\n<span style=\"color: #ffffff\"><a style=\"color: #ffffff\" href=\"https:\/\/controlarms.org\/reuniones-pasadas\/?lang=es\">Reuniones Pasadas<\/a><\/span><br \/>\n<span style=\"color: #ffffff\"><a style=\"color: #ffffff\" href=\"http:\/\/www.controlarms.org\/CSP\/?lang=es\">CSP<\/a><\/span><\/p>\n<p>[\/et_pb_text][et_pb_text global_parent=\u00bb4349&#8243; background_layout=\u00bblight\u00bb text_orientation=\u00bbleft\u00bb text_font=\u00bbSource Sans Pro|on|||\u00bb text_font_size=\u00bb18&#8243; text_text_color=\u00bb#666666&#8243; text_line_height=\u00bb1.4em\u00bb border_style=\u00bbsolid\u00bb custom_margin=\u00bb||8px|\u00bb _builder_version=\u00bb3.0.67&#8243; module_alignment=\u00bbleft\u00bb disabled_on=\u00bbon|on|on\u00bb disabled=\u00bbon\u00bb]<\/p>\n<p>MEDIA<\/p>\n<p>[\/et_pb_text][et_pb_text global_parent=\u00bb4349&#8243; background_layout=\u00bblight\u00bb text_orientation=\u00bbleft\u00bb text_font=\u00bbSource Sans Pro||||\u00bb text_font_size=\u00bb18&#8243; text_text_color=\u00bb#ffffff\u00bb text_line_height=\u00bb2.2em\u00bb border_style=\u00bbsolid\u00bb custom_padding=\u00bb0px|||\u00bb _builder_version=\u00bb3.0.67&#8243; module_alignment=\u00bbleft\u00bb disabled_on=\u00bbon|on|on\u00bb disabled=\u00bbon\u00bb]<\/p>\n<p><span style=\"color: #ffffff\"><a style=\"color: #ffffff\" href=\"https:\/\/controlarms.org\/noticias\/?lang=es\">Noticias<\/a><\/span><br \/>\n<span style=\"color: #ffffff\"><a style=\"color: #ffffff\" href=\"#\">Prensa<\/a><\/span><br \/>\n<span style=\"color: #ffffff\"><a style=\"color: #ffffff\" href=\"#\">Titulares<\/a><\/span><\/p>\n<p>&nbsp;<\/p>\n<p>[\/et_pb_text][\/et_pb_column][et_pb_column type=\u00bb1_4&#8243;][et_pb_text global_parent=\u00bb4349&#8243; background_layout=\u00bblight\u00bb text_orientation=\u00bbleft\u00bb text_font=\u00bbSource Sans Pro|on|||\u00bb text_font_size=\u00bb18&#8243; text_text_color=\u00bb#666666&#8243; text_line_height=\u00bb1.4em\u00bb border_style=\u00bbsolid\u00bb custom_margin=\u00bb||8px|\u00bb _builder_version=\u00bb3.0.101&#8243; module_alignment=\u00bbleft\u00bb disabled_on=\u00bboff|off|off\u00bb disabled=\u00bboff\u00bb]<\/p>\n<p>RECURSOS<\/p>\n<p>[\/et_pb_text][et_pb_text global_parent=\u00bb4349&#8243; background_layout=\u00bblight\u00bb text_orientation=\u00bbleft\u00bb text_font=\u00bbSource Sans Pro||||\u00bb text_font_size=\u00bb18&#8243; text_text_color=\u00bb#ffffff\u00bb text_line_height=\u00bb2.2em\u00bb border_style=\u00bbsolid\u00bb custom_padding=\u00bb0px|||\u00bb _builder_version=\u00bb3.0.67&#8243; module_alignment=\u00bbleft\u00bb disabled_on=\u00bboff|off|off\u00bb disabled=\u00bboff\u00bb]<\/p>\n<p><a href=\"https:\/\/controlarms.org\/investigacion-y-informes\/?lang=es\"><span style=\"color: #ffffff\">Reportes e Investigaci\u00f3n<\/span><\/a><\/p>\n<p>[\/et_pb_text][et_pb_text global_parent=\u00bb4349&#8243; background_layout=\u00bblight\u00bb text_orientation=\u00bbleft\u00bb text_font=\u00bbSource Sans Pro|on|||\u00bb text_font_size=\u00bb18&#8243; text_text_color=\u00bb#666666&#8243; text_line_height=\u00bb1.4em\u00bb border_style=\u00bbsolid\u00bb custom_margin=\u00bb||8px|\u00bb _builder_version=\u00bb3.0.67&#8243; module_alignment=\u00bbleft\u00bb disabled_on=\u00bbon|on|on\u00bb disabled=\u00bbon\u00bb]<\/p>\n<p>ATT LEGAL<\/p>\n<p>[\/et_pb_text][et_pb_text global_parent=\u00bb4349&#8243; background_layout=\u00bblight\u00bb text_orientation=\u00bbleft\u00bb text_font=\u00bbSource Sans Pro||||\u00bb text_font_size=\u00bb18&#8243; text_text_color=\u00bb#ffffff\u00bb text_line_height=\u00bb2.2em\u00bb border_style=\u00bbsolid\u00bb custom_padding=\u00bb0px|||\u00bb _builder_version=\u00bb3.0.67&#8243; module_alignment=\u00bbleft\u00bb disabled_on=\u00bbon|on|on\u00bb disabled=\u00bbon\u00bb]<\/p>\n<p><span style=\"color: #ffffff\"><a style=\"color: #ffffff\" href=\"#\">Acerca de ATT Legal<\/a><\/span><br \/>\n<span style=\"color: #ffffff\"><a style=\"color: #ffffff\" href=\"#\">Unirse a la Red<\/a><\/span><br \/>\n<span style=\"color: #ffffff\"><a style=\"color: #ffffff\" href=\"#\">Acceso a Asistencia Legal<\/a><\/span><br \/>\n<span style=\"color: #ffffff\"><a style=\"color: #ffffff\" href=\"#\">Recursos ATT Legal<\/a><\/span><br \/>\n<span style=\"color: #ffffff\"><a style=\"color: #ffffff\" href=\"#\">Contactar ATT Legal<\/a><\/span><\/p>\n<p>&nbsp;<\/p>\n<p>[\/et_pb_text][\/et_pb_column][\/et_pb_row][\/et_pb_section]<\/p>\n","protected":false},"excerpt":{"rendered":"<p><div class=\"et_pb_row et_pb_row_0 et_pb_row_empty\">\n\t\t\t\t\n\t\t\t\t\n\t\t\t\t\n\t\t\t\t\n\t\t\t\t\n\t\t\t<\/div> Armas bajo Control aboga por mayores controles en el comercio internacional de armas para acabar con el sufrimiento humano causado por el comercio irresponsable de armas y detener las transferencias de armas que alimentan el conflicto, la violencia armada sist\u00e9mica, la pobreza y graves violaciones de los derechos humanos y el derecho internacional humanitario. [&hellip;]<\/p>\n","protected":false},"author":1,"featured_media":0,"parent":0,"menu_order":0,"comment_status":"closed","ping_status":"closed","template":"","meta":{"_et_pb_use_builder":"on","_et_pb_old_content":"","_et_gb_content_width":"","om_disable_all_campaigns":false,"_monsterinsights_skip_tracking":false,"_monsterinsights_sitenote_active":false,"_monsterinsights_sitenote_note":"","_monsterinsights_sitenote_category":0,"footnotes":""},"class_list":["post-26801","page","type-page","status-publish","hentry"],"aioseo_notices":[],"_links":{"self":[{"href":"https:\/\/controlarms.org\/es\/wp-json\/wp\/v2\/pages\/26801","targetHints":{"allow":["GET"]}}],"collection":[{"href":"https:\/\/controlarms.org\/es\/wp-json\/wp\/v2\/pages"}],"about":[{"href":"https:\/\/controlarms.org\/es\/wp-json\/wp\/v2\/types\/page"}],"author":[{"embeddable":true,"href":"https:\/\/controlarms.org\/es\/wp-json\/wp\/v2\/users\/1"}],"replies":[{"embeddable":true,"href":"https:\/\/controlarms.org\/es\/wp-json\/wp\/v2\/comments?post=26801"}],"version-history":[{"count":0,"href":"https:\/\/controlarms.org\/es\/wp-json\/wp\/v2\/pages\/26801\/revisions"}],"wp:attachment":[{"href":"https:\/\/controlarms.org\/es\/wp-json\/wp\/v2\/media?parent=26801"}],"curies":[{"name":"wp","href":"https:\/\/api.w.org\/{rel}","templated":true}]}}