{"id":26975,"date":"2018-05-24T21:17:47","date_gmt":"2018-05-24T21:17:47","guid":{"rendered":"http:\/\/controlarms.org\/la-academia-tca\/"},"modified":"2018-05-24T21:32:09","modified_gmt":"2018-05-24T21:32:09","slug":"la-academia-tca","status":"publish","type":"page","link":"https:\/\/controlarms.org\/es\/la-academia-tca\/","title":{"rendered":"La Academia TCA"},"content":{"rendered":"<p>[et_pb_section bb_built=\u00bb1&#8243;][et_pb_row][et_pb_column type=\u00bb2_3&#8243;][et_pb_text _builder_version=\u00bb3.0.106&#8243; background_layout=\u00bblight\u00bb]<\/p>\n<h2 class=\"p1\"><strong>Acerca de la Academia TCA<\/strong><\/h2>\n<p class=\"p1\">La Academia del Tratado sobre el Comercio de Armas (TCA) ofrece un nuevo enfoque para aprender sobre el TCA y su implementaci\u00f3n. Proporciona una oportunidad de aprendizaje a la medida y en profundidad para los participantes cuidadosamente seleccionados, todos ellos relacionados directamente con el TCA a trav\u00e9s de su trabajo desde el gobierno o como parte de la sociedad civil. Tambi\u00e9n brinda la oportunidad de explorar v\u00ednculos con otras armas relevantes, instrumentos de desarrollo de seguridad y permite la discusi\u00f3n y el an\u00e1lisis de cuestiones regionales espec\u00edficas, como el v\u00ednculo entre los delitos contra la vida silvestre y la proliferaci\u00f3n de armas peque\u00f1as.<\/p>\n<p class=\"p1\">Si bien han surgido muchas oportunidades de capacitaci\u00f3n en el \u00faltimo a\u00f1o o dos, la Academia TCA es \u00fanica por ser una oportunidad continua de aprendizaje de seis meses. Esto permite a los participantes tener una comprensi\u00f3n minuciosa y t\u00e9cnica del Tratado, y tener apoyo en su trabajo cotidiano. La segunda capacitaci\u00f3n en persona est\u00e1 dise\u00f1ada espec\u00edficamente para explorar y abordar problemas que los participantes identifican, ya que aplican el conocimiento adquirido en su trabajo diario. De esta manera, la Academia TCA es mucho m\u00e1s que una capacitaci\u00f3n \u00fanica: es un programa de aprendizaje sostenido y pr\u00e1ctico.<\/p>\n<p class=\"p1\">La Academia TCA est\u00e1 organizada por la Secretar\u00eda de Armas bajo Control. Durante m\u00e1s de una d\u00e9cada, Armas bajo Control y sus miembros han estado brindando apoyo e informaci\u00f3n a los Estados de todas las regiones en el desarrollo y eventual adopci\u00f3n del TCA, y ahora en su universalizaci\u00f3n e implementaci\u00f3n.<\/p>\n<p>[\/et_pb_text][et_pb_image admin_label=\u00bbATT Academy Group Photo\u00bb _builder_version=\u00bb3.0.106&#8243; src=\u00bbhttps:\/\/controlarms.org\/wp-content\/uploads\/2018\/03\/IMG_1221-cropped-e1466609129677-768&#215;453.jpg\u00bb show_in_lightbox=\u00bboff\u00bb url_new_window=\u00bboff\u00bb use_overlay=\u00bboff\u00bb always_center_on_mobile=\u00bbon\u00bb force_fullwidth=\u00bboff\u00bb show_bottom_space=\u00bbon\u00bb title_text=\u00bbParticipantes y entrenadores en la primera sesi\u00f3n presencial de la Academia TCA.\u00bb \/][\/et_pb_column][et_pb_column type=\u00bb1_3&#8243;][et_pb_divider _builder_version=\u00bb3.0.106&#8243; color=\u00bb#000000&#8243; max_width=\u00bb35%\u00bb height=\u00bb70px\u00bb \/][et_pb_text _builder_version=\u00bb3.0.106&#8243; background_layout=\u00bblight\u00bb]<\/p>\n<h2><a href=\"https:\/\/controlarms.org\/la-academia-tca\/la-academia-tca-en-el-este-y-el-cuerno-de-africa-2016\/?lang=es\"><strong>La <\/strong><\/a><strong>Academia<\/strong><a href=\"https:\/\/controlarms.org\/attacademy\/ineastafrica\/\"><strong> TCA en\u00a0 el Este y el Cuerno de \u00c1frica, 2016<\/strong><\/a><\/h2>\n<p><span style=\"font-weight: 400\">The <a href=\"https:\/\/controlarms.org\/la-academia-tca\/la-academia-tca-en-el-este-y-el-cuerno-de-africa-2016\/?lang=es\">La Academia TCA en el Este y el Cuerno de \u00c1frica<\/a>, se llev\u00f3 a cabo en el Parque Nacional Nakuru, Kenia, y reuni\u00f3 a 15 participantes de Burundi, la Rep\u00fablica Democr\u00e1tica del Congo, Djibouti, Kenia, Tanzania y Sud\u00e1n del Sur. Proporcion\u00f3 un foro para quienes trabajan en estrecha colaboraci\u00f3n con las cuestiones del comercio de armas a nivel nacional, y para discutir con sus contrapartes regionales los posibles v\u00ednculos entre el Tratado sobre el Comercio de Armas y ciertas cuestiones espec\u00edficas de la subregi\u00f3n. Para la capacitaci\u00f3n en el Este y el Cuerno de \u00c1frica, estos temas incluyeron la caza furtiva de vida silvestre, el terrorismo y los conflictos pastoralistas.<br \/>\n<\/span><\/p>\n<p>La Academia TCA en el Este y el Cuerno de \u00c1frica fue organizada por Armas bajo Control y <a href=\"http:\/\/www.pace.edu\/dyson\/departments\/political-science-nyc\">Pace University<\/a>, con el apoyo financiero de <a href=\"https:\/\/www.un.org\/disarmament\/unscar\/\">la Facilidad de Fideicomiso de las Naciones Unidas para la Cooperaci\u00f3n en la Regulaci\u00f3n de Armas (UNSCAR)<\/a>.<\/p>\n<p>[\/et_pb_text][et_pb_text _builder_version=\u00bb3.0.106&#8243; background_layout=\u00bblight\u00bb]<\/p>\n<h2><a href=\"https:\/\/controlarms.org\/el-att-academico-en-america-latina-2018\/?lang=es\"><strong>La Academica TCA en Am\u00e9rica Latina, 2018<\/strong><\/a><\/h2>\n<p>El pasado mes de abril se dio inicio al <a href=\"https:\/\/controlarms.org\/el-att-academico-en-america-latina-2018\/?lang=es\">la Academia TCA en Am\u00e9rica Latina<\/a>. El taller de entrenamiento T\u00e9cnico \u2212 organizado por Control Arms con el apoyo financiero de UNSCAR \u2212 cont\u00f3 con la participaci\u00f3n de 18 personas de 6 pa\u00edses de la regi\u00f3n: Chile, Honduras, M\u00e9xico, Paraguay, Per\u00fa y Uruguay. Estas personas apoyan la implementaci\u00f3n del Tratado sobre el Comercio de Armas a trav\u00e9s de su trabajo cotidiano, tanto desde agencias del gobierno, como desde organizaciones de la sociedad civil. En particular, entre el 23 y 26 de abril tuvo lugar la primera jornada presencial del taller de entrenamiento t\u00e9cnico. Esta sesi\u00f3n se llev\u00f3 a cabo en las instalaciones de la Secretar\u00eda de Relaciones Exteriores de M\u00e9xico y gracias al apoyo de este pa\u00eds. El primer taller presencial sirvi\u00f3 como foro para los delegados de los distintos pa\u00edses \u2212 los cuales trabajan en el control del comercio de armas en los diferentes contextos nacionales y desde distintas posiciones \u2212 y sus contrapartes regionales. En particular, este escenario permiti\u00f3 la discusi\u00f3n de temas asociados a la implementaci\u00f3n del Tratado sobre el Comercio de Armas (ATT, por sus siglas en ingl\u00e9s) y a los desaf\u00edos propios de este proceso en Am\u00e9rica Latina y sus subregiones. Durante el ATT Acad\u00e9mico se abord\u00f3 el tema del desv\u00edo y la violencia de g\u00e9nero, como asuntos fundamentales para la regi\u00f3n.<\/p>\n<p>[\/et_pb_text][\/et_pb_column][\/et_pb_row][\/et_pb_section]<\/p>\n","protected":false},"excerpt":{"rendered":"<p><div class=\"et_pb_row et_pb_row_0 et_pb_row_empty\">\n\t\t\t\t\n\t\t\t\t\n\t\t\t\t\n\t\t\t\t\n\t\t\t\t\n\t\t\t<\/div> Acerca de la Academia TCA La Academia del Tratado sobre el Comercio de Armas (TCA) ofrece un nuevo enfoque para aprender sobre el TCA y su implementaci\u00f3n. Proporciona una oportunidad de aprendizaje a la medida y en profundidad para los participantes cuidadosamente seleccionados, todos ellos relacionados directamente con el TCA a trav\u00e9s de su [&hellip;]<\/p>\n","protected":false},"author":2,"featured_media":0,"parent":0,"menu_order":0,"comment_status":"closed","ping_status":"closed","template":"","meta":{"_et_pb_use_builder":"on","_et_pb_old_content":"","_et_gb_content_width":"","om_disable_all_campaigns":false,"_monsterinsights_skip_tracking":false,"_monsterinsights_sitenote_active":false,"_monsterinsights_sitenote_note":"","_monsterinsights_sitenote_category":0,"footnotes":""},"class_list":["post-26975","page","type-page","status-publish","hentry"],"aioseo_notices":[],"_links":{"self":[{"href":"https:\/\/controlarms.org\/es\/wp-json\/wp\/v2\/pages\/26975","targetHints":{"allow":["GET"]}}],"collection":[{"href":"https:\/\/controlarms.org\/es\/wp-json\/wp\/v2\/pages"}],"about":[{"href":"https:\/\/controlarms.org\/es\/wp-json\/wp\/v2\/types\/page"}],"author":[{"embeddable":true,"href":"https:\/\/controlarms.org\/es\/wp-json\/wp\/v2\/users\/2"}],"replies":[{"embeddable":true,"href":"https:\/\/controlarms.org\/es\/wp-json\/wp\/v2\/comments?post=26975"}],"version-history":[{"count":0,"href":"https:\/\/controlarms.org\/es\/wp-json\/wp\/v2\/pages\/26975\/revisions"}],"wp:attachment":[{"href":"https:\/\/controlarms.org\/es\/wp-json\/wp\/v2\/media?parent=26975"}],"curies":[{"name":"wp","href":"https:\/\/api.w.org\/{rel}","templated":true}]}}