{"id":27044,"date":"2018-05-25T15:14:21","date_gmt":"2018-05-25T15:14:21","guid":{"rendered":"http:\/\/controlarms.org\/csp-2015\/"},"modified":"2018-05-25T16:02:25","modified_gmt":"2018-05-25T16:02:25","slug":"csp-2015","status":"publish","type":"page","link":"https:\/\/controlarms.org\/es\/reuniones-pasadas\/csp-2015\/","title":{"rendered":"CSP 2015"},"content":{"rendered":"<p>[et_pb_section bb_built=\u00bb1&#8243; _builder_version=\u00bb3.0.47&#8243; next_background_color=\u00bb#3c3d41&#8243;][et_pb_row _builder_version=\u00bb3.0.47&#8243; background_size=\u00bbinitial\u00bb background_position=\u00bbtop_left\u00bb background_repeat=\u00bbrepeat\u00bb][et_pb_column type=\u00bb4_4&#8243;][et_pb_text _builder_version=\u00bb3.0.106&#8243;]<\/p>\n<h1><strong>Conferencia de los Estados Parte en el Tratado sobre el Comercio de Armas<\/strong><\/h1>\n<p>El Tratado sobre el Comercio de Armas fue adoptado por la Asamblea General de las Naciones Unidas el 3 de abril de 2013 y entr\u00f3 en vigor el 24 de diciembre de 2014. Como lo exige el Art\u00edculo 17 del Tratado, la Secretar\u00eda Provisional convoc\u00f3 una Conferencia de los Estados Parte un a\u00f1o despu\u00e9s de la entrada en vigor del Tratado.<\/p>\n<ul>\n<li style=\"font-weight: 400\">M\u00e9xico presidi\u00f3 <a href=\"https:\/\/controlarms.org\/csp-2015\/?lang=es\">la Primera Conferencia de Estados Parte<\/a> del 24 al 27 de agosto de 2015 en la Ciudad de M\u00e9xico, M\u00e9xico.<\/li>\n<li style=\"font-weight: 400\">Nigeria presidi\u00f3 <a href=\"\/?page_id=25561&amp;lang=es\">la Segunda Conferencia de Estados Parte<\/a> del 22 al 26 de agosto de 2016, en Ginebra, Suiza.<\/li>\n<li style=\"font-weight: 400\">Finlandia presidi\u00f3 <a href=\"https:\/\/controlarms.org\/csp-2017\/?lang=es\">la Tercera Conferencia de los Estados Parte<\/a> del 11 al 15 de septiembre de 2017, en Ginebra, Suiza<\/li>\n<\/ul>\n<p>La aprobaci\u00f3n del Tratado sobre el Comercio de Armas fue una victoria hist\u00f3rica. Sin embargo, su impacto humanitario depender\u00e1 de la efectividad de su implementaci\u00f3n. El CSP es una parte importante de esto, ya que el foro anual es donde los Estados Parte, los signatarios, los organismos de la ONU y la sociedad civil se re\u00fanen para evaluar y discutir el progreso de la implementaci\u00f3n.<\/p>\n<p>&nbsp;<\/p>\n<p>[\/et_pb_text][et_pb_divider color=\u00bb#000000&#8243; show_divider=\u00bbon\u00bb _builder_version=\u00bb3.0.106&#8243; max_width=\u00bb30%\u00bb]<\/p>\n<p>&nbsp;<\/p>\n<p>[\/et_pb_divider][\/et_pb_column][\/et_pb_row][et_pb_row _builder_version=\u00bb3.0.106&#8243;][et_pb_column type=\u00bb1_2&#8243;][et_pb_text admin_label=\u00bbCSP 2015&#8243; _builder_version=\u00bb3.0.106&#8243;]<\/p>\n<h1 class=\"content_header\">Primera Conferencia de Estados Parte (CSP2015)<\/h1>\n<p><strong>Canc\u00fan &#8211; 24-27 de agosto de 2015<\/strong><\/p>\n<p>[\/et_pb_text][\/et_pb_column][et_pb_column type=\u00bb1_2&#8243;][et_pb_text admin_label=\u00bbPreparatory Meetings\u00bb _builder_version=\u00bb3.0.106&#8243;]<\/p>\n<h2 class=\"content_header\">Reuniones Preparatorias<\/h2>\n<p>[\/et_pb_text][\/et_pb_column][\/et_pb_row][et_pb_row _builder_version=\u00bb3.0.47&#8243; background_size=\u00bbinitial\u00bb background_position=\u00bbtop_left\u00bb background_repeat=\u00bbrepeat\u00bb custom_padding=\u00bb0|0px|22.2969px|0px\u00bb][et_pb_column type=\u00bb1_2&#8243;][et_pb_text _builder_version=\u00bb3.0.106&#8243;]<\/p>\n<p>La primera Conferencia de los Estados Parte (CSP) del Tratado sobre el Comercio de Armas (TCA) tuvo lugar del 24 al 27 de agosto de 2015 en Canc\u00fan, M\u00e9xico. Sigui\u00f3 a cinco reuniones preparatorias informales y formales que tuvieron lugar durante los \u00faltimos 12 meses, y represent\u00f3 una oportunidad fundamental para que los Estados Parte tomaran decisiones para garantizar que el TCA se implemente de manera s\u00f3lida.<\/p>\n<p>En general fue una reuni\u00f3n exitosa, con decisiones tomadas incluyendo la adopci\u00f3n de las Reglas de Procedimiento; acordar las Reglas Financieras; acordar la ubicaci\u00f3n, el Jefe y la misi\u00f3n de la Secretar\u00eda del TCA, y acordar el Presidente, los Vicepresidentes y el Comit\u00e9 de Gesti\u00f3n para la CSP 2016.<\/p>\n<p>Desafortunadamente, sin embargo, a pesar del considerable trabajo realizado antes del CSP, los Estados Parte no pudieron ponerse de acuerdo sobre las plantillas que podr\u00edan utilizar como base para sus informes anuales iniciales o iniciales que comenzar\u00e1n a contar a partir del 24 de diciembre de 2015 y el 31 de mayo de 2016, respectivamente. Adem\u00e1s, algunos debates y decisiones destacaron las tensiones pol\u00edticas y una divisi\u00f3n Norte-Sur en el enfoque y las perspectivas. En el futuro, los Estados deben mostrar una mayor ambici\u00f3n y coraje si el TCA realmente marca una diferencia y desarrolla su potencial.<\/p>\n<p>Informaci\u00f3n de fondo<\/p>\n<ul>\n<li><a href=\"..\/wp-content\/uploads\/2018\/04\/Control-Arms-First-Conference-of-States-Parties-Summary-and-Analysis.pdf\">Control Arms- First Conference of States Parties-Summary and Analysis<\/a><\/li>\n<\/ul>\n<p>Medios y actualizaciones<\/p>\n<ul>\n<li><a href=\"http:\/\/www.sipri.org\/media\/expert-comments\/bromley-aug-2015\">SIPRI: \u201cRules for the Road\u201d for the Arms Trade Treaty agreed in Cancun but stiffer tests lie ahead<\/a><\/li>\n<li><a href=\"..\/wp-content\/uploads\/2018\/04\/Control-Arms-First-Conference-of-States-Party-Press-Release.pdf\">Control Arms-First Conference of States Party Press Release<\/a><\/li>\n<\/ul>\n<p>[\/et_pb_text][et_pb_gallery _builder_version=\u00bb3.0.106&#8243; gallery_orderby=\u00bbrand\u00bb posts_number=\u00bb5&#8243; show_title_and_caption=\u00bboff\u00bb show_pagination=\u00bboff\u00bb gallery_ids=\u00bb26108,26107,26106&#8243; fullwidth=\u00bbon\u00bb orientation=\u00bblandscape\u00bb zoom_icon_color=\u00bb#e02b20&#8243; hover_overlay_color=\u00bbrgba(255,255,255,0.9)\u00bb background_layout=\u00bblight\u00bb pagination_font_size_tablet=\u00bb51&#8243; pagination_line_height_tablet=\u00bb2&#8243; hover_icon=\u00bb%%28%%\u00bb disabled=\u00bboff\u00bb disabled_on=\u00bboff|off|off\u00bb \/][\/et_pb_column][et_pb_column type=\u00bb1_4&#8243;][et_pb_text admin_label=\u00bbPreparatory Meetings for CSP 2015&#8243; _builder_version=\u00bb3.0.106&#8243;]<\/p>\n<div class=\"body_left col-xs-12 col-sm-6 col-md-8\">\n<div id=\"body_left\" class=\"col-md-10 col-md-offset-1\">\n<div class=\"content\">\n<div class=\"body_left col-xs-12 col-sm-6 col-md-8\">\n<div id=\"body_left\" class=\"col-md-10 col-md-offset-1\">\n<div class=\"content\">\n<h5>Primera Reuni\u00f3n Preparatoria CSP 2015 Informal<\/h5>\n<p><strong>Puerto Espa\u00f1a &#8211; 23-24 de febrero de 2014<\/strong><\/p>\n<p>Informaci\u00f3n de fondo<\/p>\n<ul>\n<li><a href=\"..\/wp-content\/uploads\/2018\/04\/Analysis-of-States\u2019-Positions.pdf\">Analysis of States\u2019 Positions<\/a><\/li>\n<li><a href=\"..\/wp-content\/uploads\/2018\/04\/Making-it-Happen-The-Role-of-Civil-Society-in-Supporting-and-Promoting-ATT-Implementation-and-Universalisation.pdf\">Making it Happen: The Role of Civil Society in Supporting and Promoting ATT Implementation and Universalisation<\/a><\/li>\n<\/ul>\n<p>Medios y actualizaciones<\/p>\n<ul>\n<li><a href=\"..\/blog\/control-arms-show-there-is-a-better-use-for-steel-at-port-of-spain-meeting\/\">Control Arms show there is a better use for steel at Port of Spain meeting<\/a><\/li>\n<\/ul>\n<h4><\/h4>\n<h5>Segunda Reuni\u00f3n Preparatoria CSP 2015 Informal<\/h5>\n<p><strong>Ciudad de M\u00e9xico &#8211; 8-9 de septiembre de 2014<\/strong><\/p>\n<p>Informaci\u00f3n de fondo<\/p>\n<ul>\n<li><a href=\"..\/wp-content\/uploads\/2018\/04\/SIPRI-The-Challenges-on-the-First-Conference-of-States-Parties.pdf\">SIPRI: The Challenges on the First Conference of States Parties<\/a><\/li>\n<li><a href=\"..\/wp-content\/uploads\/2018\/04\/ATT-Legal-Survey-of-Participation-\u2013-Rules-of-Procedure-for-CSP.pdf\">ATT Legal: Survey of Participation \u2013 Rules of Procedure for CSP<\/a><\/li>\n<li><a href=\"..\/wp-content\/uploads\/2018\/04\/ATT-Legal-Survey-of-Decision-Making-Procedures-\u2013-Rules-of-Procedure-For-CSP.pdf\">ATT Legal: Survey of Decision-Making Procedures \u2013 Rules of Procedure For CSP<\/a><\/li>\n<\/ul>\n<p>Medios y actualizaciones<\/p>\n<ul>\n<li><a href=\"..\/blog\/mexico-takes-lead-on-next-stage-of-treaty-implementation\/\">Mexico takes lead on next stage of treaty implementation<\/a><\/li>\n<\/ul>\n<\/div>\n<\/div>\n<\/div>\n<div class=\"body_right col-xs-12 col-sm-6 col-md-4\">\n<div><\/div>\n<div id=\"body_right\" class=\"col-md-8 col-md-offset-1\"><\/div>\n<\/div>\n<\/div>\n<\/div>\n<\/div>\n<div class=\"body_right col-xs-12 col-sm-6 col-md-4\">\n<div id=\"body_right\" class=\"col-md-8 col-md-offset-1\"><\/div>\n<\/div>\n<p>[\/et_pb_text][\/et_pb_column][et_pb_column type=\u00bb1_4&#8243;][et_pb_text admin_label=\u00bbPreparatory meeting contd\u00bb _builder_version=\u00bb3.0.106&#8243;]<\/p>\n<div class=\"body_left col-xs-12 col-sm-6 col-md-8\">\n<div id=\"body_left\" class=\"col-md-10 col-md-offset-1\">\n<div class=\"body_left col-xs-12 col-sm-6 col-md-8\">\n<div id=\"body_left\" class=\"col-md-10 col-md-offset-1\">\n<div class=\"content\">\n<div class=\"body_right col-xs-12 col-sm-6 col-md-4\">\n<div id=\"body_right\" class=\"col-md-8 col-md-offset-1\">\n<h5>Tercera Consulta Informal de CSP 2015<\/h5>\n<p><strong>Berl\u00edn 27-28 de noviembre de 2014<\/strong><\/p>\n<p>Informaci\u00f3n de fondo<\/p>\n<ul>\n<li><a href=\"..\/wp-content\/uploads\/2018\/04\/ATT-Legal-Survey-of-Financing-Mechanisms-For-International-Treaty.pdf\">ATT Legal: Survey of Financing Mechanisms For International Treaty<\/a><\/li>\n<li><a href=\"..\/wp-content\/uploads\/2018\/04\/ATT-Legal-Supplement-to-Survey-of-Financing-Mechanisms-For-International-Treaty.pdf\">ATT Legal: Supplement to Survey of Financing Mechanisms For International Treaty<\/a><\/li>\n<\/ul>\n<p>Medios y actualizaciones<\/p>\n<ul>\n<li><a href=\"..\/blog\/berlin-meeting-next-stage-towards-the-conference-of-states-parties\/\">Berlin meeting \u2013 next stage towards the Conference of States Parties<\/a><\/li>\n<li><a href=\"..\/blog\/its-time-to-stop-green-lighting-dodgy-arms-deals\/\">It\u2019s time to stop \u201cgreen lighting\u201d dodgy arms deals!<\/a><\/li>\n<\/ul>\n<\/div>\n<\/div>\n<\/div>\n<\/div>\n<\/div>\n<div class=\"body_left col-xs-12 col-sm-6 col-md-8\">\n<h5 id=\"body_left\" class=\"col-md-10 col-md-offset-1\">Cuarta Reuni\u00f3n Preparatoria Informal CSP 2015<\/h5>\n<p class=\"col-md-10 col-md-offset-1\"><strong>Viena &#8211; 20-21 de abril de 2015<\/strong><\/p>\n<p>Informaci\u00f3n de fondo<\/p>\n<ul>\n<li><a href=\"..\/wp-content\/uploads\/2018\/04\/Vienna-Informal-PrepComm-Analysis.pdf\">Vienna Informal PrepComm Analysis<\/a><\/li>\n<\/ul>\n<p>Medios y actualizaciones<\/p>\n<ul>\n<li><a href=\"..\/blog\/control-arms-advocates-for-strong-att-implementation-vienna\/\">Control Arms advocates for strong ATT implementation: Vienna<\/a><\/li>\n<\/ul>\n<h5 class=\"content\">Quinta Reuni\u00f3n Preparatoria CSP 2015 Informal<\/h5>\n<p class=\"content\"><strong>Ginebra &#8211; 6-8 de julio de 2015<\/strong><\/p>\n<p class=\"content\">Informaci\u00f3n de fondo<\/p>\n<ul>\n<li><a href=\"..\/wp-content\/uploads\/2018\/04\/Control-Arms-Summary-and-Analysis-of-Geneva-PrepComm.pdf\">Control Arms: Summary and Analysis of Geneva PrepComm<\/a><\/li>\n<\/ul>\n<p class=\"content\">Medios y actualizaciones<\/p>\n<ul>\n<li><a href=\"https:\/\/www.stimson.org\/content\/time-running-out-set-arms-trade-treaty-success\">Stimson Center: Time Running Out to set Arms Trade Treaty up for Success<\/a><\/li>\n<\/ul>\n<div class=\"body_left col-xs-12 col-sm-6 col-md-8\">\n<h4><\/h4>\n<\/div>\n<\/div>\n<\/div>\n<\/div>\n<div class=\"body_right col-xs-12 col-sm-6 col-md-4\">\n<div id=\"body_right\" class=\"col-md-8 col-md-offset-1\"><\/div>\n<\/div>\n<p>[\/et_pb_text][\/et_pb_column][\/et_pb_row][\/et_pb_section][et_pb_section bb_built=\u00bb1&#8243; fullwidth=\u00bboff\u00bb specialty=\u00bboff\u00bb transparent_background=\u00bboff\u00bb parallax_method=\u00bboff\u00bb custom_padding=\u00bb0px||0px|\u00bb padding_mobile=\u00bbon\u00bb background_color=\u00bb#3c3d41&#8243; _builder_version=\u00bb3.0.75&#8243; prev_background_color=\u00bb#ffffff\u00bb global_module=\u00bb4349&#8243;][et_pb_row global_parent=\u00bb4349&#8243; make_fullwidth=\u00bboff\u00bb use_custom_width=\u00bboff\u00bb width_unit=\u00bbon\u00bb use_custom_gutter=\u00bbon\u00bb gutter_width=\u00bb2&#8243; padding_mobile=\u00bbon\u00bb allow_player_pause=\u00bboff\u00bb parallax=\u00bboff\u00bb parallax_method=\u00bboff\u00bb make_equal=\u00bboff\u00bb parallax_1=\u00bboff\u00bb parallax_method_1=\u00bboff\u00bb column_padding_mobile=\u00bbon\u00bb custom_padding=\u00bb50px||50px|\u00bb parallax_2=\u00bboff\u00bb parallax_method_2=\u00bboff\u00bb parallax_3=\u00bboff\u00bb parallax_method_3=\u00bboff\u00bb background_position=\u00bbtop_left\u00bb background_repeat=\u00bbrepeat\u00bb background_size=\u00bbinitial\u00bb][et_pb_column type=\u00bb1_4&#8243;][et_pb_text global_parent=\u00bb4349&#8243; background_layout=\u00bblight\u00bb text_orientation=\u00bbleft\u00bb text_font=\u00bbRaleway|on|||\u00bb text_font_size=\u00bb28&#8243; text_text_color=\u00bb#ffffff\u00bb text_line_height=\u00bb1.4em\u00bb border_style=\u00bbsolid\u00bb custom_margin=\u00bb||8px|\u00bb custom_css_main_element=\u00bbfont-weight: 900;\u00bb _builder_version=\u00bb3.0.67&#8243; module_alignment=\u00bbleft\u00bb]<\/p>\n<p><img decoding=\"async\" src=\"https:\/\/photos-6.dropbox.com\/t\/2\/AAD-RRlirQ7-C-ZO9JLSYP1Nf_1ya2nLeTxMs9uNNxONAQ\/12\/479747810\/jpeg\/32x32\/1\/_\/1\/2\/logo_es.JPG\/EL-S3DoYp9gBIAIoAigF\/tySSoYHMPvD75x49DzV18AE5DLrZvvl-T5YicoBalEA?size=800x600&amp;size_mode=3\" alt=\"logo_es.JPG\" \/><\/p>\n<p>[\/et_pb_text][et_pb_text global_parent=\u00bb4349&#8243; background_layout=\u00bblight\u00bb text_orientation=\u00bbleft\u00bb text_font=\u00bbSource Sans Pro||||\u00bb text_font_size=\u00bb16&#8243; text_text_color=\u00bb#aaaaaa\u00bb text_line_height=\u00bb1.5em\u00bb border_style=\u00bbsolid\u00bb custom_padding=\u00bb0px|||\u00bb max_width=\u00bb300px\u00bb custom_margin=\u00bb||30px|\u00bb custom_margin_tablet=\u00bb||10px|\u00bb custom_margin_last_edited=\u00bbon|tablet\u00bb _builder_version=\u00bb3.0.67&#8243; module_alignment=\u00bbleft\u00bb]<\/p>\n<p>Tel: +1 212-687-3146<br \/>\nEmail: info@controlarms.org<\/p>\n<p>[\/et_pb_text][\/et_pb_column][et_pb_column type=\u00bb1_4&#8243;][et_pb_text global_parent=\u00bb4349&#8243; background_layout=\u00bblight\u00bb text_orientation=\u00bbleft\u00bb text_font=\u00bbSource Sans Pro|on|||\u00bb text_font_size=\u00bb18&#8243; text_text_color=\u00bb#666666&#8243; text_line_height=\u00bb1.4em\u00bb border_style=\u00bbsolid\u00bb custom_margin=\u00bb||8px|\u00bb _builder_version=\u00bb3.0.101&#8243; module_alignment=\u00bbleft\u00bb disabled_on=\u00bboff|off|off\u00bb disabled=\u00bboff\u00bb]<\/p>\n<p>ACERCA DE<\/p>\n<p>[\/et_pb_text][et_pb_text global_parent=\u00bb4349&#8243; background_layout=\u00bblight\u00bb text_font=\u00bbSource Sans Pro||||\u00bb text_font_size=\u00bb18&#8243; text_text_color=\u00bb#ffffff\u00bb text_line_height=\u00bb2.2em\u00bb custom_padding=\u00bb0px|||\u00bb _builder_version=\u00bb3.0.101&#8243; module_alignment=\u00bbleft\u00bb disabled_on=\u00bboff|off|off\u00bb disabled=\u00bboff\u00bb]<\/p>\n<p><span style=\"color: #ffffff\"><a style=\"color: #ffffff\" href=\"#\">Armas bajo Control<\/a><\/span><br \/>\n<a href=\"https:\/\/controlarms.org\/conocer-al-equipo\/?lang=es\"><span style=\"color: #ffffff\">Conocer al Equipo<\/span><\/a><br \/>\n<a href=\"https:\/\/controlarms.org\/contactenos\/?lang=es\"><span style=\"color: #ffffff\">Cont\u00e1ctenos<\/span><\/a><\/p>\n<p>[\/et_pb_text][et_pb_text global_parent=\u00bb4349&#8243; background_layout=\u00bblight\u00bb text_orientation=\u00bbleft\u00bb text_font=\u00bbSource Sans Pro|on|||\u00bb text_font_size=\u00bb18&#8243; text_text_color=\u00bb#666666&#8243; text_line_height=\u00bb1.4em\u00bb border_style=\u00bbsolid\u00bb custom_margin=\u00bb||8px|\u00bb _builder_version=\u00bb3.0.67&#8243; module_alignment=\u00bbleft\u00bb disabled_on=\u00bbon|on|on\u00bb disabled=\u00bbon\u00bb]<\/p>\n<p>\u00daNETE<\/p>\n<p>[\/et_pb_text][et_pb_text global_parent=\u00bb4349&#8243; background_layout=\u00bblight\u00bb text_orientation=\u00bbleft\u00bb text_font=\u00bbSource Sans Pro||||\u00bb text_font_size=\u00bb18&#8243; text_text_color=\u00bb#ffffff\u00bb text_line_height=\u00bb2.2em\u00bb border_style=\u00bbsolid\u00bb custom_padding=\u00bb0px|||\u00bb _builder_version=\u00bb3.0.67&#8243; module_alignment=\u00bbleft\u00bb disabled_on=\u00bbon|on|on\u00bb disabled=\u00bbon\u00bb]<\/p>\n<p><a href=\"https:\/\/controlarms.org\/miembros\/?lang=es\"><span style=\"color: #ffffff\">Miembros<\/span><\/a><\/p>\n<p>[\/et_pb_text][\/et_pb_column][et_pb_column type=\u00bb1_4&#8243;][et_pb_text global_parent=\u00bb4349&#8243; background_layout=\u00bblight\u00bb text_orientation=\u00bbleft\u00bb text_font=\u00bbSource Sans Pro|on|||\u00bb text_font_size=\u00bb18&#8243; text_text_color=\u00bb#666666&#8243; text_line_height=\u00bb1.4em\u00bb border_style=\u00bbsolid\u00bb custom_margin=\u00bb||8px|\u00bb _builder_version=\u00bb3.0.101&#8243; module_alignment=\u00bbleft\u00bb disabled_on=\u00bboff|off|off\u00bb disabled=\u00bboff\u00bb]<\/p>\n<p>EL TRATADO<\/p>\n<p>[\/et_pb_text][et_pb_text global_parent=\u00bb4349&#8243; background_layout=\u00bblight\u00bb text_font=\u00bbSource Sans Pro||||\u00bb text_font_size=\u00bb18&#8243; text_text_color=\u00bb#ffffff\u00bb text_line_height=\u00bb2.2em\u00bb custom_padding=\u00bb0px|||\u00bb _builder_version=\u00bb3.0.101&#8243; module_alignment=\u00bbleft\u00bb disabled_on=\u00bboff|off|off\u00bb disabled=\u00bboff\u00bb]<\/p>\n<p><span style=\"color: #ffffff\"><a style=\"color: #ffffff\" href=\"https:\/\/controlarms.org\/att\/?lang=es\">TCA<\/a><\/span><br \/>\n<span style=\"color: #ffffff\"><a style=\"color: #ffffff\" href=\"https:\/\/controlarms.org\/reuniones-pasadas\/?lang=es\">Reuniones Pasadas<\/a><\/span><br \/>\n<span style=\"color: #ffffff\"><a style=\"color: #ffffff\" href=\"http:\/\/www.controlarms.org\/CSP\/?lang=es\">CSP<\/a><\/span><\/p>\n<p>[\/et_pb_text][et_pb_text global_parent=\u00bb4349&#8243; background_layout=\u00bblight\u00bb text_orientation=\u00bbleft\u00bb text_font=\u00bbSource Sans Pro|on|||\u00bb text_font_size=\u00bb18&#8243; text_text_color=\u00bb#666666&#8243; text_line_height=\u00bb1.4em\u00bb border_style=\u00bbsolid\u00bb custom_margin=\u00bb||8px|\u00bb _builder_version=\u00bb3.0.67&#8243; module_alignment=\u00bbleft\u00bb disabled_on=\u00bbon|on|on\u00bb disabled=\u00bbon\u00bb]<\/p>\n<p>MEDIOS DE COMUNICACI\u00d3N<\/p>\n<p>[\/et_pb_text][et_pb_text global_parent=\u00bb4349&#8243; background_layout=\u00bblight\u00bb text_orientation=\u00bbleft\u00bb text_font=\u00bbSource Sans Pro||||\u00bb text_font_size=\u00bb18&#8243; text_text_color=\u00bb#ffffff\u00bb text_line_height=\u00bb2.2em\u00bb border_style=\u00bbsolid\u00bb custom_padding=\u00bb0px|||\u00bb _builder_version=\u00bb3.0.67&#8243; module_alignment=\u00bbleft\u00bb disabled_on=\u00bbon|on|on\u00bb disabled=\u00bbon\u00bb]<\/p>\n<p><span style=\"color: #ffffff\"><a style=\"color: #ffffff\" href=\"https:\/\/controlarms.org\/att\/?lang=es\">TCA<\/a><\/span><br \/>\n<span style=\"color: #ffffff\"><a style=\"color: #ffffff\" href=\"https:\/\/controlarms.org\/reuniones-pasadas\/?lang=es\">Reuniones Pasadas<\/a><\/span><br \/>\n<span style=\"color: #ffffff\"><a style=\"color: #ffffff\" href=\"https:\/\/controlarms.org\/csp\/?lang=es\">CSP<\/a><\/span><\/p>\n<p>[\/et_pb_text][\/et_pb_column][et_pb_column type=\u00bb1_4&#8243;][et_pb_text global_parent=\u00bb4349&#8243; background_layout=\u00bblight\u00bb text_orientation=\u00bbleft\u00bb text_font=\u00bbSource Sans Pro|on|||\u00bb text_font_size=\u00bb18&#8243; text_text_color=\u00bb#666666&#8243; text_line_height=\u00bb1.4em\u00bb border_style=\u00bbsolid\u00bb custom_margin=\u00bb||8px|\u00bb _builder_version=\u00bb3.0.101&#8243; module_alignment=\u00bbleft\u00bb disabled_on=\u00bboff|off|off\u00bb disabled=\u00bboff\u00bb]<\/p>\n<p>RECURSOS<\/p>\n<p>[\/et_pb_text][et_pb_text global_parent=\u00bb4349&#8243; background_layout=\u00bblight\u00bb text_font=\u00bbSource Sans Pro||||\u00bb text_font_size=\u00bb18&#8243; text_text_color=\u00bb#ffffff\u00bb text_line_height=\u00bb2.2em\u00bb custom_padding=\u00bb0px|||\u00bb _builder_version=\u00bb3.0.101&#8243; module_alignment=\u00bbleft\u00bb disabled_on=\u00bboff|off|off\u00bb disabled=\u00bboff\u00bb]<\/p>\n<p><a href=\"https:\/\/controlarms.org\/investigacion-y-informes\/?lang=es\"><span style=\"color: #ffffff\">Reportes e Investigaci\u00f3n<\/span><\/a><\/p>\n<p>[\/et_pb_text][et_pb_text global_parent=\u00bb4349&#8243; background_layout=\u00bblight\u00bb text_orientation=\u00bbleft\u00bb text_font=\u00bbSource Sans Pro|on|||\u00bb text_font_size=\u00bb18&#8243; text_text_color=\u00bb#666666&#8243; text_line_height=\u00bb1.4em\u00bb border_style=\u00bbsolid\u00bb custom_margin=\u00bb||8px|\u00bb _builder_version=\u00bb3.0.67&#8243; module_alignment=\u00bbleft\u00bb disabled_on=\u00bbon|on|on\u00bb disabled=\u00bbon\u00bb]<\/p>\n<p>ATT LEGAL<\/p>\n<p>[\/et_pb_text][et_pb_text global_parent=\u00bb4349&#8243; background_layout=\u00bblight\u00bb text_orientation=\u00bbleft\u00bb text_font=\u00bbSource Sans Pro||||\u00bb text_font_size=\u00bb18&#8243; text_text_color=\u00bb#ffffff\u00bb text_line_height=\u00bb2.2em\u00bb border_style=\u00bbsolid\u00bb custom_padding=\u00bb0px|||\u00bb _builder_version=\u00bb3.0.67&#8243; module_alignment=\u00bbleft\u00bb disabled_on=\u00bbon|on|on\u00bb disabled=\u00bbon\u00bb]<\/p>\n<p><span style=\"color: #ffffff\"><a style=\"color: #ffffff\" href=\"#\">Acerca de ATT Legal<\/a><\/span><br \/>\n<span style=\"color: #ffffff\"><a style=\"color: #ffffff\" href=\"#\">Unirse a la Red<\/a><\/span><br \/>\n<span style=\"color: #ffffff\"><a style=\"color: #ffffff\" href=\"#\">Acceso a Asistencia Legal<\/a><\/span><br \/>\n<span style=\"color: #ffffff\"><a style=\"color: #ffffff\" href=\"#\">Recursos ATT Legal<\/a><\/span><br \/>\n<span style=\"color: #ffffff\"><a style=\"color: #ffffff\" href=\"#\">Contactar ATT Legal<\/a><\/span><\/p>\n<p>[\/et_pb_text][\/et_pb_column][\/et_pb_row][\/et_pb_section]<\/p>\n","protected":false},"excerpt":{"rendered":"<p>Conferencia de los Estados Parte en el Tratado sobre el Comercio de Armas El Tratado sobre el Comercio de Armas fue adoptado por la Asamblea General de las Naciones Unidas el 3 de abril de 2013 y entr\u00f3 en vigor el 24 de diciembre de 2014. Como lo exige el Art\u00edculo 17 del Tratado, la [&hellip;]<\/p>\n","protected":false},"author":1,"featured_media":0,"parent":27028,"menu_order":0,"comment_status":"closed","ping_status":"closed","template":"","meta":{"_et_pb_use_builder":"on","_et_pb_old_content":"","_et_gb_content_width":"","om_disable_all_campaigns":false,"_monsterinsights_skip_tracking":false,"_monsterinsights_sitenote_active":false,"_monsterinsights_sitenote_note":"","_monsterinsights_sitenote_category":0,"footnotes":""},"class_list":["post-27044","page","type-page","status-publish","hentry"],"aioseo_notices":[],"_links":{"self":[{"href":"https:\/\/controlarms.org\/es\/wp-json\/wp\/v2\/pages\/27044","targetHints":{"allow":["GET"]}}],"collection":[{"href":"https:\/\/controlarms.org\/es\/wp-json\/wp\/v2\/pages"}],"about":[{"href":"https:\/\/controlarms.org\/es\/wp-json\/wp\/v2\/types\/page"}],"author":[{"embeddable":true,"href":"https:\/\/controlarms.org\/es\/wp-json\/wp\/v2\/users\/1"}],"replies":[{"embeddable":true,"href":"https:\/\/controlarms.org\/es\/wp-json\/wp\/v2\/comments?post=27044"}],"version-history":[{"count":0,"href":"https:\/\/controlarms.org\/es\/wp-json\/wp\/v2\/pages\/27044\/revisions"}],"up":[{"embeddable":true,"href":"https:\/\/controlarms.org\/es\/wp-json\/wp\/v2\/pages\/27028"}],"wp:attachment":[{"href":"https:\/\/controlarms.org\/es\/wp-json\/wp\/v2\/media?parent=27044"}],"curies":[{"name":"wp","href":"https:\/\/api.w.org\/{rel}","templated":true}]}}