{"id":27090,"date":"2018-05-25T16:31:45","date_gmt":"2018-05-25T16:31:45","guid":{"rendered":"http:\/\/controlarms.org\/csp-2016\/"},"modified":"2018-05-25T16:31:48","modified_gmt":"2018-05-25T16:31:48","slug":"csp-2016","status":"publish","type":"page","link":"https:\/\/controlarms.org\/es\/reuniones-pasadas\/csp-2016\/","title":{"rendered":"CSP 2016"},"content":{"rendered":"<p>[et_pb_section bb_built=\u00bb1&#8243; _builder_version=\u00bb3.0.47&#8243; next_background_color=\u00bb#3c3d41&#8243;][et_pb_row][et_pb_column type=\u00bb4_4&#8243;][et_pb_text _builder_version=\u00bb3.0.106&#8243; background_layout=\u00bblight\u00bb]<\/p>\n<h1><strong>Conferencia de los Estados Parte en el Tratado sobre el Comercio de Armas<\/strong><br \/><\/h1>\n<p>El Tratado sobre el Comercio de Armas fue adoptado por la Asamblea General de las Naciones Unidas el 3 de abril de 2013 y entr\u00f3 en vigor el 24 de diciembre de 2014. Como lo exige el Art\u00edculo 17 del Tratado, la Secretar\u00eda Provisional convoc\u00f3 una Conferencia de los Estados Parte un a\u00f1o despu\u00e9s de la entrada en vigor del Tratado.<\/p>\n<ul>\n<li style=\"font-weight: 400\">M\u00e9xico presidi\u00f3 <a href=\"https:\/\/controlarms.org\/csp-2015\/?lang=es\">la Primera Conferencia de Estados Parte<\/a> del 24 al 27 de agosto de 2015 en la Ciudad de M\u00e9xico, M\u00e9xico.<\/li>\n<li style=\"font-weight: 400\">Nigeria presidi\u00f3 <a href=\"https:\/\/controlarms.org\/csp-2016\/?lang=es\">la Segunda Conferencia de Estados Parte<\/a> del 22 al 26 de agosto de 2016, en Ginebra, Suiza.<\/li>\n<li style=\"font-weight: 400\">Finlandia presidi\u00f3 <a href=\"https:\/\/controlarms.org\/csp-2017\/?lang=es\">la Tercera Conferencia de los Estados Parte<\/a> del 11 al 15 de septiembre de 2017, en Ginebra, Suiza<\/li>\n<\/ul>\n<p>La aprobaci\u00f3n del Tratado sobre el Comercio de Armas fue una victoria hist\u00f3rica. Sin embargo, su impacto humanitario depender\u00e1 de la efectividad de su implementaci\u00f3n. El CSP es una parte importante de esto, ya que el foro anual es donde los Estados Parte, los signatarios, los organismos de la ONU y la sociedad civil se re\u00fanen para evaluar y discutir el progreso de la implementaci\u00f3n.<\/p>\n<p><\/p>\n<p>[\/et_pb_text][et_pb_divider _builder_version=\u00bb3.0.106&#8243; show_divider=\u00bbon\u00bb color=\u00bb#000000&#8243; max_width=\u00bb30%\u00bb \/][\/et_pb_column][\/et_pb_row][et_pb_row _builder_version=\u00bb3.0.47&#8243; background_size=\u00bbinitial\u00bb background_position=\u00bbtop_left\u00bb background_repeat=\u00bbrepeat\u00bb][et_pb_column type=\u00bb2_3&#8243;][et_pb_text _builder_version=\u00bb3.0.106&#8243; background_layout=\u00bblight\u00bb]<\/p>\n<h1>Segunda Conferencia de Estados Parte (CSP2016)<br \/><\/h1>\n<p><strong>Ginebra, del 22 al 26 de agosto de 2016<\/strong><\/p>\n<p>La Segunda Conferencia de los Estados Parte (CSP 2016) del Tratado sobre el Comercio de Armas (TCA) se inici\u00f3 en Ginebra, Suiza, el 22 de agosto de 2016. M\u00e1s de 100 Estados se han registrado para asistir a la conferencia.<\/p>\n<p><\/p>\n<h3>Abogac\u00eda y Eventos Paralelos<br \/><\/h3>\n<ul>\n<li><a href=\"http:\/\/www.thearmstradetreaty.org\/images\/ATT_documents\/Side_Events_detail_overview_Final.pdf\">Calendario de Eventos Paralelos<\/a><\/li>\n<li><a href=\"https:\/\/controlarms.org\/wp-content\/uploads\/2018\/04\/10reasons-Final-ENFR.pdf\">Archivo Top Secret<\/a>: 8 Razones por las que los Informes P\u00fablicos son Esenciales<\/li>\n<\/ul>\n<p><\/p>\n<h3>Declaraciones:<br \/><\/h3>\n<p><a href=\"https:\/\/controlarms.org\/wp-content\/uploads\/2018\/04\/Statement-by-Geoffrey-L.-Duke-Control-Arms.pdf\">Declaraci\u00f3n de Geoffrey L. Duke<\/a>, Armas bajo Control, panel de apertura de alto nivel, 22 de agosto de 2016<\/p>\n<p><a href=\"https:\/\/controlarms.org\/wp-content\/uploads\/2018\/04\/Statement-by-Anna-Macdonald-General-Debate.pdf\">Declaraci\u00f3n de Anna Macdonald<\/a>, Armas bajo Control, Debate general, 23 de agosto de 2016<\/p>\n<p><a href=\"https:\/\/controlarms.org\/wp-content\/uploads\/2018\/04\/Statement-by-Roy-Isbister-Saferworld-on-behalf-of-Control-Arms.pdf\">Declaraci\u00f3n de Roy Isbister<\/a>, Saferworld en nombre Armas bajo Control, Debate general sobre el Fondo fiduciario voluntario y la asistencia, 23 de agosto de 2016<\/p>\n<p><a href=\"https:\/\/controlarms.org\/wp-content\/uploads\/2018\/04\/Statement-by-Robert-Mtonga-Control-Arms.pdf\">Declaraci\u00f3n de Robert Mtonga<\/a>, Armas bajo Control, Debate general sobre los informes TCA, 24 de agosto de 2016<\/p>\n<p><a href=\"https:\/\/controlarms.org\/wp-content\/uploads\/2018\/04\/Statement-by-Cesar-Jaramillo-Project-Ploughshares-and-Brian-Wood-Amnesty-International.pdf\">Declaraci\u00f3n de Cesar Jaramillo<\/a>, Proyecto Ploughshares y Brian Wood, Amnist\u00eda Internacional en nombre de Armas bajo Control, Debate general sobre la aplicaci\u00f3n del Tratado, 24 de agosto de 2016<\/p>\n<p><a href=\"https:\/\/controlarms.org\/wp-content\/uploads\/2018\/04\/Statement-by-Linnet-Ngayu-African-Council-of-Religious-Leaders.pdf\">Declaraci\u00f3n de Linnet Ngayu<\/a>, Consejo Africano de L\u00edderes Religiosos, en nombre de Armas bajo Control, Debate general sobre la universalizaci\u00f3n de los tratados, 24 de agosto de 2016<\/p>\n<p><a href=\"https:\/\/controlarms.org\/wp-content\/uploads\/2018\/04\/Statement-by-Shobha-Shrestha.pdf\">Declaraci\u00f3n de Shobha Shrestha<\/a>, Armas bajo Control, Debate general en la Secretar\u00eda del TCA, 25 de agosto de 2016<\/p>\n<p><\/p>\n<h3>Presione Soltar:<br \/><\/h3>\n<ul>\n<li><a href=\"https:\/\/controlarms.org\/wp-content\/uploads\/2018\/04\/Press-Release-Sp.pdf\">La Conferencia de los Estados Parte debe detener el secretismo y sacar al comercio global de 100.000 millones de d\u00f3lares de las sombras<\/a><br \/> <span style=\"font-size: 14px\">[<a href=\"https:\/\/controlarms.org\/wp-content\/uploads\/2018\/04\/Conference-of-States-Parties-must-stop-the-secrecy-and-drag-100bn-global-trade-out-of-the-shadows.pdf\">Ingl\u00e9s<\/a>]&nbsp;[<a href=\"https:\/\/controlarms.org\/wp-content\/uploads\/2018\/04\/Press-Release-Portuguese.pdf\">Portugu\u00e9s<\/a>]<\/span><\/li>\n<li><a href=\"https:\/\/controlarms.org\/wp-content\/uploads\/2018\/04\/REACCION-DE-CONTROL-ARMS-.pdf\">Reacci\u00f3n al final de la segunda Conferencia de Estados Parte<\/a> [<a href=\"https:\/\/controlarms.org\/wp-content\/uploads\/2018\/04\/Reaction-to-end-of-the-second-Conference-of-States-Parties.pdf\">Ingl\u00e9s<\/a>]\n<\/li>\n<\/ul>\n<p><\/p>\n<p>[\/et_pb_text][et_pb_text admin_label=\u00bbMedia\u00bb _builder_version=\u00bb3.0.106&#8243; background_layout=\u00bblight\u00bb]<\/p>\n<h3>Medios de Comunicaci\u00f3n:<\/h3>\n<p><a href=\"https:\/\/controlarms.org\/wp-content\/uploads\/2018\/04\/Media-Clippings-for-August-22-2016.pdf\">Recortes de medios para el 22 de agosto de 2016<\/a><\/p>\n<p><a href=\"https:\/\/controlarms.org\/wp-content\/uploads\/2018\/04\/Media-Clippings-for-August-23-24-2016.pdf\">Recortes de prensa del 23 al 24 de agosto de 2016<\/a><\/p>\n<p class=\"content__headline js-score\"><a href=\"https:\/\/www.theguardian.com\/commentisfree\/2016\/aug\/24\/greater-transparency-arms-trade-save-lives?CMP=share_btn_tw\">Una mayor transparencia en el comercio de armas salvar\u00eda innumerables vidas<\/a> Por Anna Macdonald, The Guardian, 25 de agosto de 2016<\/p>\n<p class=\"heading-story\"><a href=\"http:\/\/www.aljazeera.com\/news\/2016\/08\/oxfam-uk-denial-saudi-arms-sales-160823192547697.html\">Oxfam: Reino Unido \u00aben negaci\u00f3n\u00bb sobre las ventas de armas saud\u00edes<\/a>, AlJazeera, 24 de agosto de 2016<\/p>\n<p class=\"title\"><a href=\"http:\/\/www.france24.com\/en\/20160823-arms-trade-france-yemen-saudi-arabia-att-treaty-human-rights\">Aumenta la presi\u00f3n sobre los poderes occidentales para detener la venta de armas a Arabia Saudita<\/a>, Francia 24, 23 de agosto de 2016<\/p>\n<p><a href=\"http:\/\/www.thenational.scot\/news\/oxfam-accuses-uk-ministers-of-being-in-denial-and-disarray-over-saudi-arms-sales.21503\">Oxfam acusa a los ministros del Reino Unido de estar en \u00abnegaci\u00f3n y desorden\u00bb por las ventas de armas sauditas<\/a>, The National, 23 de agosto de 2016<\/p>\n<p><a href=\"http:\/\/www.ledauphine.com\/france-monde\/2016\/08\/22\/hier-s-est-ouverte-a-geneve-la-deuxieme-conference-des-etats-parties-au-traite-sur-le-commerce-des\">Une semaine cruciale pour le commerce des armes,&nbsp;<\/a><span style=\"font-size: 14px\">Le Dauphine,&nbsp;<\/span><span style=\"font-size: 14px\">Geneva \u2013 August 23, 2016<\/span><\/p>\n<p class=\"article-headline\"><a href=\"http:\/\/www.reuters.com\/article\/us-yemen-security-arms-idUSKCN10X1MM\">Las ventas de armas a Arabia Saud\u00ed son &#8216;il\u00edcitas&#8217; debido a muertes de civiles en Yemen: activistas<\/a>, Reuters, 22 de agosto de 2016<\/p>\n<p>[\/et_pb_text][\/et_pb_column][et_pb_column type=\u00bb1_3&#8243;][et_pb_divider _builder_version=\u00bb3.0.106&#8243; color=\u00bb#000000&#8243; max_width=\u00bb30%\u00bb \/][et_pb_text _builder_version=\u00bb3.0.106&#8243; background_layout=\u00bblight\u00bb]<\/p>\n<h3>Informes Resumidos Diarios<br \/><\/h3>\n<ul>\n<li><a href=\"https:\/\/controlarms.org\/wp-content\/uploads\/2018\/04\/Day-1-Spanish.pdf\">CSP2016 Resumen del d\u00eda uno<\/a> [<a href=\"https:\/\/controlarms.org\/wp-content\/uploads\/2018\/04\/Summary-CSP2-Day-1.pdf\">Ingl\u00e9s<\/a>]<\/li>\n<li><a href=\"https:\/\/controlarms.org\/wp-content\/uploads\/2018\/04\/Day-2-Spanish.pdf\">CSP2016 Resumen del d\u00eda dos<\/a> [<a href=\"https:\/\/controlarms.org\/wp-content\/uploads\/2018\/04\/Control-Arms-Summary-Day-2.pdf\">Ingl\u00e9s<\/a>]<\/li>\n<li><a href=\"https:\/\/controlarms.org\/wp-content\/uploads\/2018\/04\/Day-3-Spanish.pdf\">CSP2016 Resumen del d\u00eda tres<\/a> [<a href=\"https:\/\/controlarms.org\/wp-content\/uploads\/2018\/04\/Summary-day-3.pdf\">Ingl\u00e9s<\/a>]<\/li>\n<li><a href=\"https:\/\/controlarms.org\/en\/wp-content\/uploads\/sites\/2\/2016\/08\/Sintesis-CSP2-D%C3%ADa-4-25-de-agosto.pdf\">CSP2016 Resumen del cuarto d\u00eda<\/a> [<a href=\"https:\/\/controlarms.org\/wp-content\/uploads\/2018\/04\/Day-4.pdf\">Ingl\u00e9s<\/a>]<\/li>\n<li><a href=\"https:\/\/controlarms.org\/wp-content\/uploads\/2018\/04\/Overall.pdf\">CSP2016 Resumen general<\/a><\/li>\n<\/ul>\n<p>[\/et_pb_text][et_pb_text _builder_version=\u00bb3.0.106&#8243; background_layout=\u00bblight\u00bb]<\/p>\n<h3>Fotos<br \/><\/h3>\n<p>M\u00e1s fotos se pueden encontrar <a href=\"https:\/\/flic.kr\/s\/aHskGQSoPE\">aqu\u00ed<\/a><\/p>\n<p>[\/et_pb_text][et_pb_gallery _builder_version=\u00bb3.0.106&#8243; gallery_orderby=\u00bbrand\u00bb posts_number=\u00bb5&#8243; show_title_and_caption=\u00bboff\u00bb show_pagination=\u00bboff\u00bb gallery_ids=\u00bb26040,26041,26042&#8243; fullwidth=\u00bbon\u00bb orientation=\u00bblandscape\u00bb zoom_icon_color=\u00bb#e02b20&#8243; hover_overlay_color=\u00bbrgba(255,255,255,0.9)\u00bb background_layout=\u00bblight\u00bb pagination_font_size_tablet=\u00bb51&#8243; pagination_line_height_tablet=\u00bb2&#8243; hover_icon=\u00bb%%28%%\u00bb disabled=\u00bboff\u00bb disabled_on=\u00bboff|off|off\u00bb \/][et_pb_divider _builder_version=\u00bb3.0.106&#8243; color=\u00bb#000000&#8243; max_width=\u00bb30%\u00bb \/][et_pb_divider _builder_version=\u00bb3.0.106&#8243; color=\u00bb#000000&#8243; max_width=\u00bb30%\u00bb \/][et_pb_text admin_label=\u00bbWorking Group and Preparatory Meetings\u00bb _builder_version=\u00bb3.0.106&#8243; background_layout=\u00bblight\u00bb]<\/p>\n<h3 class=\"entry-title main_title\">Reuni\u00f3n Preparatoria de CSP 2016<br \/><\/h3>\n<p><a href=\"https:\/\/controlarms.org\/csp-2016\/csp-2016-preparatory-meeting\/\"><strong>Reuni\u00f3n Extraordinaria de los Estados Parte<\/strong><\/a><\/p>\n<p><strong>Ginebra, 29 de febrero de 2016<\/strong><\/p>\n<p><\/p>\n<p>[\/et_pb_text][\/et_pb_column][\/et_pb_row][\/et_pb_section][et_pb_section bb_built=\u00bb1&#8243; fullwidth=\u00bboff\u00bb specialty=\u00bboff\u00bb transparent_background=\u00bboff\u00bb parallax_method=\u00bboff\u00bb custom_padding=\u00bb0px||0px|\u00bb padding_mobile=\u00bbon\u00bb background_color=\u00bb#3c3d41&#8243; _builder_version=\u00bb3.0.75&#8243; prev_background_color=\u00bb#ffffff\u00bb global_module=\u00bb4349&#8243;][et_pb_row global_parent=\u00bb4349&#8243; make_fullwidth=\u00bboff\u00bb use_custom_width=\u00bboff\u00bb width_unit=\u00bbon\u00bb use_custom_gutter=\u00bbon\u00bb gutter_width=\u00bb2&#8243; padding_mobile=\u00bbon\u00bb allow_player_pause=\u00bboff\u00bb parallax=\u00bboff\u00bb parallax_method=\u00bboff\u00bb make_equal=\u00bboff\u00bb parallax_1=\u00bboff\u00bb parallax_method_1=\u00bboff\u00bb column_padding_mobile=\u00bbon\u00bb custom_padding=\u00bb50px||50px|\u00bb parallax_2=\u00bboff\u00bb parallax_method_2=\u00bboff\u00bb parallax_3=\u00bboff\u00bb parallax_method_3=\u00bboff\u00bb background_position=\u00bbtop_left\u00bb background_repeat=\u00bbrepeat\u00bb background_size=\u00bbinitial\u00bb][et_pb_column type=\u00bb1_4&#8243;][et_pb_text global_parent=\u00bb4349&#8243; background_layout=\u00bblight\u00bb text_orientation=\u00bbleft\u00bb text_font=\u00bbRaleway|on|||\u00bb text_font_size=\u00bb28&#8243; text_text_color=\u00bb#ffffff\u00bb text_line_height=\u00bb1.4em\u00bb border_style=\u00bbsolid\u00bb custom_margin=\u00bb||8px|\u00bb custom_css_main_element=\u00bbfont-weight: 900;\u00bb _builder_version=\u00bb3.0.67&#8243; module_alignment=\u00bbleft\u00bb]<\/p>\n<p><img decoding=\"async\" src=\"https:\/\/photos-6.dropbox.com\/t\/2\/AAD-RRlirQ7-C-ZO9JLSYP1Nf_1ya2nLeTxMs9uNNxONAQ\/12\/479747810\/jpeg\/32x32\/1\/_\/1\/2\/logo_es.JPG\/EL-S3DoYp9gBIAIoAigF\/tySSoYHMPvD75x49DzV18AE5DLrZvvl-T5YicoBalEA?size=800x600&amp;size_mode=3\" alt=\"logo_es.JPG\"><\/p>\n<p>[\/et_pb_text][et_pb_text global_parent=\u00bb4349&#8243; background_layout=\u00bblight\u00bb text_orientation=\u00bbleft\u00bb text_font=\u00bbSource Sans Pro||||\u00bb text_font_size=\u00bb16&#8243; text_text_color=\u00bb#aaaaaa\u00bb text_line_height=\u00bb1.5em\u00bb border_style=\u00bbsolid\u00bb custom_padding=\u00bb0px|||\u00bb max_width=\u00bb300px\u00bb custom_margin=\u00bb||30px|\u00bb custom_margin_tablet=\u00bb||10px|\u00bb custom_margin_last_edited=\u00bbon|tablet\u00bb _builder_version=\u00bb3.0.67&#8243; module_alignment=\u00bbleft\u00bb]<\/p>\n<p>Tel: +1 212-687-3146<br \/>\nEmail: info@controlarms.org<\/p>\n<p>[\/et_pb_text][\/et_pb_column][et_pb_column type=\u00bb1_4&#8243;][et_pb_text global_parent=\u00bb4349&#8243; background_layout=\u00bblight\u00bb text_orientation=\u00bbleft\u00bb text_font=\u00bbSource Sans Pro|on|||\u00bb text_font_size=\u00bb18&#8243; text_text_color=\u00bb#666666&#8243; text_line_height=\u00bb1.4em\u00bb border_style=\u00bbsolid\u00bb custom_margin=\u00bb||8px|\u00bb _builder_version=\u00bb3.0.101&#8243; module_alignment=\u00bbleft\u00bb disabled_on=\u00bboff|off|off\u00bb disabled=\u00bboff\u00bb]<\/p>\n<p>ACERCA DE<\/p>\n<p>[\/et_pb_text][et_pb_text global_parent=\u00bb4349&#8243; background_layout=\u00bblight\u00bb text_font=\u00bbSource Sans Pro||||\u00bb text_font_size=\u00bb18&#8243; text_text_color=\u00bb#ffffff\u00bb text_line_height=\u00bb2.2em\u00bb custom_padding=\u00bb0px|||\u00bb _builder_version=\u00bb3.0.101&#8243; module_alignment=\u00bbleft\u00bb disabled_on=\u00bboff|off|off\u00bb disabled=\u00bboff\u00bb]<\/p>\n<p><span style=\"color: #ffffff\"><a style=\"color: #ffffff\" href=\"#\">Armas bajo Control<\/a><\/span><br \/><a href=\"https:\/\/controlarms.org\/conocer-al-equipo\/?lang=es\"><span style=\"color: #ffffff\">Conocer al Equipo<\/span><\/a><br \/><a href=\"https:\/\/controlarms.org\/contactenos\/?lang=es\"><span style=\"color: #ffffff\">Cont\u00e1ctenos<\/span><\/a><\/p>\n<p>[\/et_pb_text][et_pb_text global_parent=\u00bb4349&#8243; background_layout=\u00bblight\u00bb text_orientation=\u00bbleft\u00bb text_font=\u00bbSource Sans Pro|on|||\u00bb text_font_size=\u00bb18&#8243; text_text_color=\u00bb#666666&#8243; text_line_height=\u00bb1.4em\u00bb border_style=\u00bbsolid\u00bb custom_margin=\u00bb||8px|\u00bb _builder_version=\u00bb3.0.67&#8243; module_alignment=\u00bbleft\u00bb disabled_on=\u00bbon|on|on\u00bb disabled=\u00bbon\u00bb]<\/p>\n<p>\u00daNETE<\/p>\n<p>[\/et_pb_text][et_pb_text global_parent=\u00bb4349&#8243; background_layout=\u00bblight\u00bb text_orientation=\u00bbleft\u00bb text_font=\u00bbSource Sans Pro||||\u00bb text_font_size=\u00bb18&#8243; text_text_color=\u00bb#ffffff\u00bb text_line_height=\u00bb2.2em\u00bb border_style=\u00bbsolid\u00bb custom_padding=\u00bb0px|||\u00bb _builder_version=\u00bb3.0.67&#8243; module_alignment=\u00bbleft\u00bb disabled_on=\u00bbon|on|on\u00bb disabled=\u00bbon\u00bb]<\/p>\n<p><a href=\"https:\/\/controlarms.org\/miembros\/?lang=es\"><span style=\"color: #ffffff\">Miembros<\/span><\/a><\/p>\n<p>[\/et_pb_text][\/et_pb_column][et_pb_column type=\u00bb1_4&#8243;][et_pb_text global_parent=\u00bb4349&#8243; background_layout=\u00bblight\u00bb text_orientation=\u00bbleft\u00bb text_font=\u00bbSource Sans Pro|on|||\u00bb text_font_size=\u00bb18&#8243; text_text_color=\u00bb#666666&#8243; text_line_height=\u00bb1.4em\u00bb border_style=\u00bbsolid\u00bb custom_margin=\u00bb||8px|\u00bb _builder_version=\u00bb3.0.101&#8243; module_alignment=\u00bbleft\u00bb disabled_on=\u00bboff|off|off\u00bb disabled=\u00bboff\u00bb]<\/p>\n<p>EL TRATADO<\/p>\n<p>[\/et_pb_text][et_pb_text global_parent=\u00bb4349&#8243; background_layout=\u00bblight\u00bb text_font=\u00bbSource Sans Pro||||\u00bb text_font_size=\u00bb18&#8243; text_text_color=\u00bb#ffffff\u00bb text_line_height=\u00bb2.2em\u00bb custom_padding=\u00bb0px|||\u00bb _builder_version=\u00bb3.0.101&#8243; module_alignment=\u00bbleft\u00bb disabled_on=\u00bboff|off|off\u00bb disabled=\u00bboff\u00bb]<\/p>\n<p><span style=\"color: #ffffff\"><a style=\"color: #ffffff\" href=\"https:\/\/controlarms.org\/att\/?lang=es\">TCA<\/a><\/span><br \/>\n<span style=\"color: #ffffff\"><a style=\"color: #ffffff\" href=\"https:\/\/controlarms.org\/reuniones-pasadas\/?lang=es\">Reuniones Pasadas<\/a><\/span><br \/>\n<a href=\"http:\/\/www.controlarms.org\/CSP\/?lang=es\"><span style=\"color: #ffffff\">CSP<\/span><\/a><\/p>\n<p>&nbsp;<\/p>\n<p>[\/et_pb_text][et_pb_text global_parent=\u00bb4349&#8243; background_layout=\u00bblight\u00bb text_orientation=\u00bbleft\u00bb text_font=\u00bbSource Sans Pro|on|||\u00bb text_font_size=\u00bb18&#8243; text_text_color=\u00bb#666666&#8243; text_line_height=\u00bb1.4em\u00bb border_style=\u00bbsolid\u00bb custom_margin=\u00bb||8px|\u00bb _builder_version=\u00bb3.0.67&#8243; module_alignment=\u00bbleft\u00bb disabled_on=\u00bbon|on|on\u00bb disabled=\u00bbon\u00bb]<\/p>\n<p>MEDIOS DE COMUNICACI\u00d3N<\/p>\n<p>[\/et_pb_text][et_pb_text global_parent=\u00bb4349&#8243; background_layout=\u00bblight\u00bb text_orientation=\u00bbleft\u00bb text_font=\u00bbSource Sans Pro||||\u00bb text_font_size=\u00bb18&#8243; text_text_color=\u00bb#ffffff\u00bb text_line_height=\u00bb2.2em\u00bb border_style=\u00bbsolid\u00bb custom_padding=\u00bb0px|||\u00bb _builder_version=\u00bb3.0.67&#8243; module_alignment=\u00bbleft\u00bb disabled_on=\u00bbon|on|on\u00bb disabled=\u00bbon\u00bb]<\/p>\n<p><span style=\"color: #ffffff\"><a style=\"color: #ffffff\" href=\"https:\/\/controlarms.org\/noticias\/?lang=es\">Noticias<\/a><\/span><br \/>\n<span style=\"color: #ffffff\"><a style=\"color: #ffffff\" href=\"#\">Prensa<\/a><\/span><br \/>\n<span style=\"color: #ffffff\"><a style=\"color: #ffffff\" href=\"#\">Titulares<\/a><\/span><\/p>\n<p>&nbsp;<\/p>\n<p>[\/et_pb_text][\/et_pb_column][et_pb_column type=\u00bb1_4&#8243;][et_pb_text global_parent=\u00bb4349&#8243; background_layout=\u00bblight\u00bb text_orientation=\u00bbleft\u00bb text_font=\u00bbSource Sans Pro|on|||\u00bb text_font_size=\u00bb18&#8243; text_text_color=\u00bb#666666&#8243; text_line_height=\u00bb1.4em\u00bb border_style=\u00bbsolid\u00bb custom_margin=\u00bb||8px|\u00bb _builder_version=\u00bb3.0.101&#8243; module_alignment=\u00bbleft\u00bb disabled_on=\u00bboff|off|off\u00bb disabled=\u00bboff\u00bb]<\/p>\n<p>RECURSOS<\/p>\n<p>[\/et_pb_text][et_pb_text global_parent=\u00bb4349&#8243; background_layout=\u00bblight\u00bb text_font=\u00bbSource Sans Pro||||\u00bb text_font_size=\u00bb18&#8243; text_text_color=\u00bb#ffffff\u00bb text_line_height=\u00bb2.2em\u00bb custom_padding=\u00bb0px|||\u00bb _builder_version=\u00bb3.0.101&#8243; module_alignment=\u00bbleft\u00bb disabled_on=\u00bboff|off|off\u00bb disabled=\u00bboff\u00bb]<\/p>\n<p><a href=\"https:\/\/controlarms.org\/investigacion-y-informes\/?lang=es\"><span style=\"color: #ffffff\">Reportes e Investigaci\u00f3n<\/span><\/a><\/p>\n<p>[\/et_pb_text][et_pb_text global_parent=\u00bb4349&#8243; background_layout=\u00bblight\u00bb text_orientation=\u00bbleft\u00bb text_font=\u00bbSource Sans Pro|on|||\u00bb text_font_size=\u00bb18&#8243; text_text_color=\u00bb#666666&#8243; text_line_height=\u00bb1.4em\u00bb border_style=\u00bbsolid\u00bb custom_margin=\u00bb||8px|\u00bb _builder_version=\u00bb3.0.67&#8243; module_alignment=\u00bbleft\u00bb disabled_on=\u00bbon|on|on\u00bb disabled=\u00bbon\u00bb]<\/p>\n<p>ATT LEGAL<\/p>\n<p>[\/et_pb_text][et_pb_text global_parent=\u00bb4349&#8243; background_layout=\u00bblight\u00bb text_orientation=\u00bbleft\u00bb text_font=\u00bbSource Sans Pro||||\u00bb text_font_size=\u00bb18&#8243; text_text_color=\u00bb#ffffff\u00bb text_line_height=\u00bb2.2em\u00bb border_style=\u00bbsolid\u00bb custom_padding=\u00bb0px|||\u00bb _builder_version=\u00bb3.0.67&#8243; module_alignment=\u00bbleft\u00bb disabled_on=\u00bbon|on|on\u00bb disabled=\u00bbon\u00bb]<\/p>\n<p><span style=\"color: #ffffff\"><a style=\"color: #ffffff\" href=\"#\">Acerca de ATT Legal<\/a><\/span><br \/>\n<span style=\"color: #ffffff\"><a style=\"color: #ffffff\" href=\"#\">Unirse a la Red<\/a><\/span><br \/>\n<span style=\"color: #ffffff\"><a style=\"color: #ffffff\" href=\"#\">Acceso a Asistencia Legal<\/a><\/span><br \/>\n<span style=\"color: #ffffff\"><a style=\"color: #ffffff\" href=\"#\">Recursos ATT Legal<\/a><\/span><br \/>\n<span style=\"color: #ffffff\"><a style=\"color: #ffffff\" href=\"#\">Contactar ATT Legal<\/a><\/span><\/p>\n<p>[\/et_pb_text][\/et_pb_column][\/et_pb_row][\/et_pb_section]<\/p>\n","protected":false},"excerpt":{"rendered":"<p><div class=\"et_pb_row et_pb_row_0 et_pb_row_empty\">\n\t\t\t\t\n\t\t\t\t\n\t\t\t\t\n\t\t\t\t\n\t\t\t\t\n\t\t\t<\/div> Conferencia de los Estados Parte en el Tratado sobre el Comercio de ArmasEl Tratado sobre el Comercio de Armas fue adoptado por la Asamblea General de las Naciones Unidas el 3 de abril de 2013 y entr\u00f3 en vigor el 24 de diciembre de 2014. Como lo exige el Art\u00edculo 17 del Tratado, la [&hellip;]<\/p>\n","protected":false},"author":1,"featured_media":0,"parent":27028,"menu_order":0,"comment_status":"closed","ping_status":"closed","template":"","meta":{"_et_pb_use_builder":"on","_et_pb_old_content":"","_et_gb_content_width":"","om_disable_all_campaigns":false,"_monsterinsights_skip_tracking":false,"_monsterinsights_sitenote_active":false,"_monsterinsights_sitenote_note":"","_monsterinsights_sitenote_category":0,"footnotes":""},"class_list":["post-27090","page","type-page","status-publish","hentry"],"aioseo_notices":[],"_links":{"self":[{"href":"https:\/\/controlarms.org\/es\/wp-json\/wp\/v2\/pages\/27090","targetHints":{"allow":["GET"]}}],"collection":[{"href":"https:\/\/controlarms.org\/es\/wp-json\/wp\/v2\/pages"}],"about":[{"href":"https:\/\/controlarms.org\/es\/wp-json\/wp\/v2\/types\/page"}],"author":[{"embeddable":true,"href":"https:\/\/controlarms.org\/es\/wp-json\/wp\/v2\/users\/1"}],"replies":[{"embeddable":true,"href":"https:\/\/controlarms.org\/es\/wp-json\/wp\/v2\/comments?post=27090"}],"version-history":[{"count":0,"href":"https:\/\/controlarms.org\/es\/wp-json\/wp\/v2\/pages\/27090\/revisions"}],"up":[{"embeddable":true,"href":"https:\/\/controlarms.org\/es\/wp-json\/wp\/v2\/pages\/27028"}],"wp:attachment":[{"href":"https:\/\/controlarms.org\/es\/wp-json\/wp\/v2\/media?parent=27090"}],"curies":[{"name":"wp","href":"https:\/\/api.w.org\/{rel}","templated":true}]}}