{"id":27111,"date":"2018-05-25T17:04:43","date_gmt":"2018-05-25T17:04:43","guid":{"rendered":"http:\/\/controlarms.org\/csp-2017\/"},"modified":"2018-05-25T17:04:45","modified_gmt":"2018-05-25T17:04:45","slug":"csp-2017","status":"publish","type":"page","link":"https:\/\/controlarms.org\/es\/reuniones-pasadas\/csp-2017\/","title":{"rendered":"CSP 2017"},"content":{"rendered":"<p>[et_pb_section bb_built=\u00bb1&#8243; _builder_version=\u00bb3.0.47&#8243; next_background_color=\u00bb#3c3d41&#8243;][et_pb_row _builder_version=\u00bb3.0.47&#8243; background_size=\u00bbinitial\u00bb background_position=\u00bbtop_left\u00bb background_repeat=\u00bbrepeat\u00bb][et_pb_column type=\u00bb4_4&#8243;][et_pb_text _builder_version=\u00bb3.0.106&#8243;]<\/p>\n<h1><strong>Conferencia de los Estados Parte en el Tratado sobre el Comercio de Armas<\/strong><\/h1>\n<p>El Tratado sobre el Comercio de Armas fue adoptado por la Asamblea General de las Naciones Unidas el 3 de abril de 2013 y entr\u00f3 en vigor el 24 de diciembre de 2014. Como lo exige el Art\u00edculo 17 del Tratado, la Secretar\u00eda Provisional convoc\u00f3 una Conferencia de los Estados Parte un a\u00f1o despu\u00e9s de la entrada en vigor del Tratado.<\/p>\n<ul>\n<li style=\"font-weight: 400\">M\u00e9xico presidi\u00f3 <a href=\"https:\/\/controlarms.org\/csp-2015\/?lang=es\">la Primera Conferencia de Estados Parte<\/a> del 24 al 27 de agosto de 2015 en la Ciudad de M\u00e9xico, M\u00e9xico.<\/li>\n<li style=\"font-weight: 400\">Nigeria presidi\u00f3 <a href=\"https:\/\/controlarms.org\/csp-2016\/?lang=es\">la Segunda Conferencia de Estados Parte<\/a> del 22 al 26 de agosto de 2016, en Ginebra, Suiza.<\/li>\n<li style=\"font-weight: 400\">Finlandia presidi\u00f3 <a href=\"https:\/\/controlarms.org\/csp-2017\/?lang=es\">la Tercera Conferencia de los Estados Parte<\/a> del 11 al 15 de septiembre de 2017, en Ginebra, Suiza<\/li>\n<\/ul>\n<p>La aprobaci\u00f3n del Tratado sobre el Comercio de Armas fue una victoria hist\u00f3rica. Sin embargo, su impacto humanitario depender\u00e1 de la efectividad de su implementaci\u00f3n. El CSP es una parte importante de esto, ya que el foro anual es donde los Estados Parte, los signatarios, los organismos de la ONU y la sociedad civil se re\u00fanen para evaluar y discutir el progreso de la implementaci\u00f3n.<\/p>\n<p>&nbsp;<\/p>\n<p>[\/et_pb_text][et_pb_divider color=\u00bb#000000&#8243; show_divider=\u00bbon\u00bb _builder_version=\u00bb3.0.106&#8243; max_width=\u00bb30%\u00bb]<\/p>\n<p>&nbsp;<\/p>\n<p>[\/et_pb_divider][\/et_pb_column][\/et_pb_row][et_pb_row _builder_version=\u00bb3.0.47&#8243; background_size=\u00bbinitial\u00bb background_position=\u00bbtop_left\u00bb background_repeat=\u00bbrepeat\u00bb][et_pb_column type=\u00bb2_3&#8243;][et_pb_text _builder_version=\u00bb3.0.106&#8243; background_layout=\u00bblight\u00bb]<\/p>\n<h1>Tercera Conferencia de Estados Parte (CSP2017)<\/h1>\n<p><strong>Ginebra, Suiza &#8211; 11 &#8211; 15 de septiembre de 2017<\/strong><\/p>\n<p>Finlandia presidi\u00f3 la Tercera Conferencia de los Estados Parte (CSP 2017) del Tratado sobre el Comercio de Armas (TCA)<\/p>\n<p>[\/et_pb_text][et_pb_text _builder_version=\u00bb3.0.106&#8243; background_layout=\u00bblight\u00bb]<\/p>\n<h3>Fondo<\/h3>\n<p><a href=\"https:\/\/controlarms.org\/en\/prep-csp-2017\/\">Reuniones Preparatorias de CSP 2017<\/a><\/p>\n<p><a href=\"http:\/\/thearmstradetreaty.org\/images\/CSP3_Documents\/Conference_Documents\/CSP3_Provisional_Agenda_EN.pdf\">Programa Provisional<\/a> y <a href=\"http:\/\/thearmstradetreaty.org\/images\/CSP3_Documents\/Conference_Documents\/CSP3_Provisional_Annotated_Programme_of_Work_EN.pdf\">Programa de Trabajo Anotado Provisional<\/a><\/p>\n<h3><\/h3>\n<h3>Presione Soltar<\/h3>\n<ul>\n<li><a href=\"http:\/\/www.frontpageafricaonline.com\/index.php\/news\/5441-arms-trade-treaty-stop-shuffling-paper-and-start-saving-lives\">Tratado de Comercio de Armas: Deje de \u00abmezclar papel\u00bb y comience a salvar vidas<\/a><\/li>\n<li><a href=\"http:\/\/webtv.un.org\/media\/watch\/the-arms-trade-treaty-third-conference-of-states-parties-press-conference-geneva-11-september-2017-\/5571405764001\/?term\">Informe de Prensa del Tratado sobre el Comercio de Armas<\/a><\/li>\n<li><a href=\"https:\/\/controlarms.org\/wp-content\/uploads\/2018\/04\/Silence-on-Yemen-is-deafening-at-the-Arms-Trade-Treaty-Conference.pdf\">El silencio en Yemen es ensordecedor en la Conferencia del Tratado sobre el Comercio de Armas<\/a><\/li>\n<\/ul>\n<p>&nbsp;<\/p>\n<h3>Declaraciones en Nombre de la Coalici\u00f3n de Armas bajo Control:<\/h3>\n<ul>\n<li><a href=\"https:\/\/controlarms.org\/wp-content\/uploads\/2018\/03\/High-Level-statement-CSP2017-final.pdf\">Intervenci\u00f3n de Radhya Almuwatakel<\/a>, Organizaci\u00f3n de Derechos Humanos de Mwatana &#8211; Panel de apertura de alto nivel, 11 de septiembre<\/li>\n<li><a href=\"https:\/\/controlarms.org\/wp-content\/uploads\/2018\/03\/GeneralDebate-1.pdf\">Declaraci\u00f3n de Anna Macdonald<\/a>, Armas bajo Control &#8211; General Debate, 12 de septiembre<\/li>\n<li><a href=\"https:\/\/controlarms.org\/wp-content\/uploads\/2018\/03\/Implementation-Intervention.pdf\">Declaraci\u00f3n de James Lynch<\/a>, Amnist\u00eda Internacional &#8211; Debate sobre la implementaci\u00f3n del Tratado, 12 de septiembre<\/li>\n<li><a href=\"https:\/\/controlarms.org\/wp-content\/uploads\/2018\/03\/Oxfam-Control-Arms-Speech-ATT-CSP.pdf\">Declaraci\u00f3n de Farah Karimi<\/a>, Oxfam, Implementaci\u00f3n del Tratado &#8211; Discusi\u00f3n tem\u00e1tica sobre ATT y ODS, 12 de septiembre<\/li>\n<li><a href=\"https:\/\/controlarms.org\/wp-content\/uploads\/2018\/03\/Transparency-and-Reporting-Intervention.pdf\">Declaraci\u00f3n de Folade Mutota<\/a>, CDRAV &#8211; Transparencia e informaci\u00f3n, 13 de septiembre<\/li>\n<li><a href=\"https:\/\/controlarms.org\/wp-content\/uploads\/2018\/03\/Control-Arms-International-Assistance.pdf\">Declaraci\u00f3n de C\u00e9sar Jaramillo<\/a>, Proyecto Plowshares &#8211; Asistencia internacional, 14 de septiembre<\/li>\n<li><a href=\"https:\/\/controlarms.org\/wp-content\/uploads\/2018\/03\/Control-Arms-Universalisation-.pdf\">Declaraci\u00f3n emitida por Stephen Mwachofi Singo<\/a>, Centro de Investigaci\u00f3n e Informaci\u00f3n de Seguridad (SRIC), Universalizaci\u00f3n de Tratados, 14 de septiembre<\/li>\n<li><a href=\"https:\/\/controlarms.org\/wp-content\/uploads\/2018\/03\/Control-Arms-CSP4.pdf\">Declaraci\u00f3n de Shobha Shrestha<\/a>, Mujeres por la paz y la democracia en Nepal, asuntos relacionados con CSP4, 14 de septiembre<\/li>\n<li><a href=\"https:\/\/controlarms.org\/wp-content\/uploads\/2018\/03\/ATT-Secretariat.pdf\">Declaraci\u00f3n de Elizabeth Kirkham<\/a>, Saferworld, Secretar\u00eda del TCA, 14 de septiembre<\/li>\n<\/ul>\n<h3><\/h3>\n<p>&nbsp;<\/p>\n<p>[\/et_pb_text][\/et_pb_column][et_pb_column type=\u00bb1_3&#8243;][et_pb_gallery gallery_ids=\u00bb25797,25816,25815,25817,25818&#8243; gallery_orderby=\u00bbrand\u00bb fullwidth=\u00bbon\u00bb hover_icon=\u00bb%%28%%\u00bb disabled_on=\u00bboff|off|off\u00bb _builder_version=\u00bb3.0.106&#8243; pagination_font_size_tablet=\u00bb51&#8243; pagination_line_height_tablet=\u00bb2&#8243;]<\/p>\n<p>&nbsp;<\/p>\n<p>[\/et_pb_gallery][et_pb_text _builder_version=\u00bb3.0.106&#8243;]<\/p>\n<h3>Fotos<\/h3>\n<p>M\u00e1s fotos se pueden encontrar <a href=\"https:\/\/www.flickr.com\/photos\/controlarms\/\">aqu\u00ed<\/a><\/p>\n<p>[\/et_pb_text][et_pb_divider _builder_version=\u00bb3.0.106&#8243; max_width=\u00bb30%\u00bb]<\/p>\n<p>&nbsp;<\/p>\n<p>[\/et_pb_divider][et_pb_text _builder_version=\u00bb3.0.106&#8243;]<\/p>\n<h3>Informe Resumido Diario<\/h3>\n<ul>\n<li><a href=\"https:\/\/controlarms.org\/wp-content\/uploads\/2018\/03\/CSP-2017-Final-report.pdf\">Resumen final CSP 2017<\/a><\/li>\n<li><a href=\"https:\/\/controlarms.org\/wp-content\/uploads\/2018\/03\/Daily-Summary-Day-1-CSP-2017.pdf\">Resumen de CSP 2017 D\u00eda 1<\/a><\/li>\n<li><a href=\"https:\/\/controlarms.org\/wp-content\/uploads\/2018\/03\/CSP-2017-Daily-Summary-Day-2-.pdf\">Resumen de CSP 2017 D\u00eda 2<\/a><\/li>\n<li><a href=\"https:\/\/controlarms.org\/wp-content\/uploads\/2018\/03\/CSP-2017-Day-3-Final.pdf\">Resumen de CSP 2017 D\u00eda 3<\/a><\/li>\n<li><a href=\"https:\/\/controlarms.org\/wp-content\/uploads\/2018\/03\/CSP-2017-Day-4.pdf\">Resumen de CSP 2017 D\u00eda 4<\/a><\/li>\n<li><a href=\"https:\/\/controlarms.org\/wp-content\/uploads\/2018\/03\/CSP-2017-Daily-Summary-Day-5.pdf\">Resumen de CSP 2017 D\u00eda 5<\/a><\/li>\n<\/ul>\n<p>[\/et_pb_text][et_pb_text _builder_version=\u00bb3.0.106&#8243;]<\/p>\n<h3>Res\u00famenes Diarios de Video<\/h3>\n<ul>\n<li><a href=\"https:\/\/youtu.be\/jz-feiv49A8\">Resumen de CSP 2017 D\u00eda Uno<\/a> con Anna Macdonald<\/li>\n<li><a href=\"https:\/\/twitter.com\/controlarms\/status\/907698456063614977\">Resumen de CSP2017 D\u00eda Dos<\/a> con Martin Butcher<\/li>\n<li><a href=\"https:\/\/twitter.com\/controlarms\/status\/908024162542931969\">Resumen de CSP 2017 D\u00eda Tres<\/a> con Owen Greene<\/li>\n<li><a href=\"https:\/\/twitter.com\/controlarms\/status\/908570174588043266\">Resumen de CSP 2017 D\u00eda Cuatro<\/a> con Shobha Shrestha<\/li>\n<li><a href=\"https:\/\/twitter.com\/controlarms\/status\/908825804632723456\">Resumen de CSP 2017 D\u00eda Cinco<\/a> con Stephen Singo<\/li>\n<\/ul>\n<p>[\/et_pb_text][\/et_pb_column][\/et_pb_row][et_pb_row][et_pb_column type=\u00bb1_2&#8243;][et_pb_text _builder_version=\u00bb3.0.106&#8243; background_layout=\u00bblight\u00bb]<\/p>\n<h3>Medios de Comunicaci\u00f3n<\/h3>\n<p><a href=\"https:\/\/www.theguardian.com\/commentisfree\/2017\/sep\/11\/arms-sales-yemen-fuel-deadly-suffering-trade-treaty?CMP=share_btn_tw\"><em>He visto c\u00f3mo las ventas de armas alimentan el sufrimiento mortal en Yemen. Debemos detenerlos<\/em><\/a><br \/>\nPor Radhya al-Mutawakel, The Guardian<br \/>\n11 de septiembre de 2017<\/p>\n<p><a href=\"http:\/\/www1.folha.uol.com.br\/mundo\/2017\/09\/1917603-brasil-atrasa-ratificacao-de-tratado-que-regula-comercio-de-armas.shtml\"><em>Brasil atrasa ratifica\u00e7\u00e3o de tratado que regula com\u00e9rcio de armas<\/em><\/a><br \/>\nGuilherme Magalhaes, Folha d S.Paulo<br \/>\n09 de septiembre de 2017<\/p>\n<p><a href=\"https:\/\/www.swissinfo.ch\/eng\/-reckless--weapons-trade_foreign-minister-urges-full-implementation-of-arms-treaty\/43509656\"><em>Canciller insta a la plena aplicaci\u00f3n del tratado de armas<\/em><\/a><br \/>\nPor Simon Bradley, Swissinfo.ch<br \/>\n11 de septiembre de 2017<\/p>\n<p><a href=\"http:\/\/www.independent.co.uk\/news\/uk\/politics\/dsei-fair-excel-centre-london-saudi-arabia-yemen-arms-trade-a7939841.html\"><em>Reino Unido ha vendido armas por valor de 3.600 millones de libras esterlinas a Arabia Saudita desde que comenz\u00f3 el conflicto con Yemen, seg\u00fan un informe seg\u00fan comienza el DSEI<\/em><\/a><br \/>\nPor Rachel Roberts, Independent<br \/>\n11 de septiembre de 2017<\/p>\n<p><a href=\"http:\/\/www.dw.com\/en\/uns-arms-trade-treaty-too-weak-to-make-a-difference\/a-40452550\"><em>El Tratado sobre el Comercio de Armas de las Naciones Unidas es \u00abdemasiado d\u00e9bil para marcar la diferencia\u00bb<\/em><\/a><br \/>\nPor Ben Knight, Deutsche Welle<br \/>\n11 de septiembre de 2017<\/p>\n<p><a href=\"http:\/\/www.frontpageafricaonline.com\/index.php\/news\/5441-arms-trade-treaty-stop-shuffling-paper-and-start-saving-lives\"><em>Tratado sobre el Comercio de Armas: Deje de \u00abmezclar papel\u00bb y comience a salvar vidas<\/em><\/a><br \/>\nFront Page Africa<br \/>\n12 de septiembre de 2017<\/p>\n<p><a href=\"https:\/\/www.standard.co.uk\/news\/london\/dsei-protest-more-than-100-people-arrested-at-world-s-biggest-arms-fair-in-london-a3632356.html\"><em>Protesta de Dsei: m\u00e1s de 100 personas arrestadas en la feria de armas m\u00e1s grande del mundo en Londres<\/em><\/a><br \/>\nPor Patrick Grafton-Green, Standard<br \/>\n12 de septiembre de 2017<\/p>\n<p>&nbsp;<\/p>\n<p>[\/et_pb_text][\/et_pb_column][et_pb_column type=\u00bb1_2&#8243;][et_pb_text _builder_version=\u00bb3.0.106&#8243; background_layout=\u00bblight\u00bb]<\/p>\n<p><a href=\"https:\/\/www.theguardian.com\/global-development\/2017\/sep\/12\/uk-condemned-ministers-attend-weapons-fair-but-ignore-un-arms-trade-treaty-conference-geneva?CMP=share_btn_tw\"><em>Los ministros del Reino Unido asisten a la feria de armas, pero ignoran el evento de la ONU sobre el comercio il\u00edcito de armas<\/em><\/a><br \/>\nPor Rebecca Ratcliffe, The Guardian<br \/>\n12 de septiembre de 2017<\/p>\n<p><a href=\"https:\/\/www.neues-deutschland.de\/artikel\/1063418.keine-ruestungsexporte-an-kriegsparteien.html\"><em>Keine R\u00fcstungsexporte an Kriegsparteien<\/em><\/a><br \/>\nVon Olaf Standke, Neues Deutschland<br \/>\n12 de septiembre de 2017<\/p>\n<p><a href=\"https:\/\/www.nexojornal.com.br\/ensaio\/2017\/Armas-a-caixa-de-Pandora-das-exporta%C3%A7%C3%B5es-brasileiras1\"><em>Armas: a caixa de Pandora das exporta\u00e7\u00f5es brasileiras<\/em><\/a><br \/>\nPor Jefferson Nascimento, Nexo Jornal<br \/>\n12 de septiembre de 2017<\/p>\n<p><a href=\"http:\/\/www.tribuneonlineng.com\/geneva-conference-stakeholders-raise-concerns-global-arms-trade\/\"><em>En la conferencia de Ginebra, las partes interesadas expresaron su preocupaci\u00f3n sobre el comercio mundial de armas<\/em><\/a><br \/>\nPor Nigerian Tribune<br \/>\n12 de septiembre de 2017<\/p>\n<p><span class=\"name\"><a href=\"http:\/\/www.independent.co.uk\/news\/uk\/home-news\/dsei-2017-michael-fallon-uk-arms-trade-increase-brexit-defence-secretary-yemen-saudi-arabia-a7944686.html\"><em>DSEI 2017: Michael Fallon describe la visi\u00f3n para aumentar el comercio de armas en el Reino Unido despu\u00e9s del Brexit<\/em><\/a><br \/>\nPor Lizzie Dearden, Independent<\/span><br \/>\n13 de septiembre de 2017<\/p>\n<p><span class=\"name\"><a href=\"https:\/\/www.channel4.com\/news\/defence-fair-sparks-questions-about-uk-arms-exports\"><em>La feria de defensa genera preguntas sobre las exportaciones de armas del Reino Unido<\/em><\/a><br \/>\nPor Paraic O\u2019Brien, Channel 4<\/span><br \/>\n13 de septiembre de 2017<\/p>\n<p><a href=\"http:\/\/www.hertfordshiremercury.co.uk\/herts-firms-selling-arms-to-brutal-regimes-at-defence-and-security-equipment-international-fair\/story-30510934-detail\/story.html\"><em>Hace que las empresas comercialicen armas para reg\u00edmenes \u00abbrutales\u00bb en la Feria Internacional de Equipos de Defensa y Seguridad<\/em><\/a><br \/>\nPor Harriet Clugston<br \/>\n13 de septiembre de 2017<\/p>\n<p><span class=\"name\"><a href=\"http:\/\/www.independent.co.uk\/news\/uk\/home-news\/dsei-2017-arms-fair-weapons-trade-london-dealers-uk-british-government-missiles-guns-tanks-grenades-a7945491.html\"><em>DSEI 2017: dentro de la feria de armas m\u00e1s grande del mundo en Londres<\/em><\/a><br \/>\nPor Lizzie Dearden, Independent<\/span><br \/>\n13 de septiembre de 2017<\/p>\n<p>[\/et_pb_text][\/et_pb_column][\/et_pb_row][\/et_pb_section][et_pb_section bb_built=\u00bb1&#8243; fullwidth=\u00bboff\u00bb specialty=\u00bboff\u00bb transparent_background=\u00bboff\u00bb parallax_method=\u00bboff\u00bb custom_padding=\u00bb0px||0px|\u00bb padding_mobile=\u00bbon\u00bb background_color=\u00bb#3c3d41&#8243; _builder_version=\u00bb3.0.75&#8243; prev_background_color=\u00bb#ffffff\u00bb global_module=\u00bb4349&#8243;][et_pb_row global_parent=\u00bb4349&#8243; make_fullwidth=\u00bboff\u00bb use_custom_width=\u00bboff\u00bb width_unit=\u00bbon\u00bb use_custom_gutter=\u00bbon\u00bb gutter_width=\u00bb2&#8243; padding_mobile=\u00bbon\u00bb allow_player_pause=\u00bboff\u00bb parallax=\u00bboff\u00bb parallax_method=\u00bboff\u00bb make_equal=\u00bboff\u00bb parallax_1=\u00bboff\u00bb parallax_method_1=\u00bboff\u00bb column_padding_mobile=\u00bbon\u00bb custom_padding=\u00bb50px||50px|\u00bb parallax_2=\u00bboff\u00bb parallax_method_2=\u00bboff\u00bb parallax_3=\u00bboff\u00bb parallax_method_3=\u00bboff\u00bb background_position=\u00bbtop_left\u00bb background_repeat=\u00bbrepeat\u00bb background_size=\u00bbinitial\u00bb][et_pb_column type=\u00bb1_4&#8243;][et_pb_text global_parent=\u00bb4349&#8243; background_layout=\u00bblight\u00bb text_orientation=\u00bbleft\u00bb text_font=\u00bbRaleway|on|||\u00bb text_font_size=\u00bb28&#8243; text_text_color=\u00bb#ffffff\u00bb text_line_height=\u00bb1.4em\u00bb border_style=\u00bbsolid\u00bb custom_margin=\u00bb||8px|\u00bb custom_css_main_element=\u00bbfont-weight: 900;\u00bb _builder_version=\u00bb3.0.67&#8243; module_alignment=\u00bbleft\u00bb]<\/p>\n<p><img decoding=\"async\" src=\"https:\/\/photos-6.dropbox.com\/t\/2\/AAD-RRlirQ7-C-ZO9JLSYP1Nf_1ya2nLeTxMs9uNNxONAQ\/12\/479747810\/jpeg\/32x32\/1\/_\/1\/2\/logo_es.JPG\/EL-S3DoYp9gBIAIoAigF\/tySSoYHMPvD75x49DzV18AE5DLrZvvl-T5YicoBalEA?size=800x600&amp;size_mode=3\" alt=\"logo_es.JPG\" \/><\/p>\n<p>[\/et_pb_text][et_pb_text global_parent=\u00bb4349&#8243; background_layout=\u00bblight\u00bb text_orientation=\u00bbleft\u00bb text_font=\u00bbSource Sans Pro||||\u00bb text_font_size=\u00bb16&#8243; text_text_color=\u00bb#aaaaaa\u00bb text_line_height=\u00bb1.5em\u00bb border_style=\u00bbsolid\u00bb custom_padding=\u00bb0px|||\u00bb max_width=\u00bb300px\u00bb custom_margin=\u00bb||30px|\u00bb custom_margin_tablet=\u00bb||10px|\u00bb custom_margin_last_edited=\u00bbon|tablet\u00bb _builder_version=\u00bb3.0.67&#8243; module_alignment=\u00bbleft\u00bb]<\/p>\n<p>Tel: +1 212-687-3146<br \/>\nEmail: info@controlarms.org<\/p>\n<p>[\/et_pb_text][\/et_pb_column][et_pb_column type=\u00bb1_4&#8243;][et_pb_text global_parent=\u00bb4349&#8243; background_layout=\u00bblight\u00bb text_orientation=\u00bbleft\u00bb text_font=\u00bbSource Sans Pro|on|||\u00bb text_font_size=\u00bb18&#8243; text_text_color=\u00bb#666666&#8243; text_line_height=\u00bb1.4em\u00bb border_style=\u00bbsolid\u00bb custom_margin=\u00bb||8px|\u00bb _builder_version=\u00bb3.0.101&#8243; module_alignment=\u00bbleft\u00bb disabled_on=\u00bboff|off|off\u00bb disabled=\u00bboff\u00bb]<\/p>\n<p>ACERCA DE<\/p>\n<p>[\/et_pb_text][et_pb_text global_parent=\u00bb4349&#8243; background_layout=\u00bblight\u00bb text_font=\u00bbSource Sans Pro||||\u00bb text_font_size=\u00bb18&#8243; text_text_color=\u00bb#ffffff\u00bb text_line_height=\u00bb2.2em\u00bb custom_padding=\u00bb0px|||\u00bb _builder_version=\u00bb3.0.101&#8243; module_alignment=\u00bbleft\u00bb disabled_on=\u00bboff|off|off\u00bb disabled=\u00bboff\u00bb]<\/p>\n<p><span style=\"color: #ffffff\"><a style=\"color: #ffffff\" href=\"#\">Armas bajo Control<\/a><\/span><br \/>\n<a href=\"https:\/\/controlarms.org\/conocer-al-equipo\/?lang=es\"><span style=\"color: #ffffff\">Conocer al Equipo<\/span><\/a><br \/>\n<a href=\"https:\/\/controlarms.org\/contactenos\/?lang=es\"><span style=\"color: #ffffff\">Cont\u00e1ctenos<\/span><\/a><\/p>\n<p>[\/et_pb_text][et_pb_text global_parent=\u00bb4349&#8243; background_layout=\u00bblight\u00bb text_orientation=\u00bbleft\u00bb text_font=\u00bbSource Sans Pro|on|||\u00bb text_font_size=\u00bb18&#8243; text_text_color=\u00bb#666666&#8243; text_line_height=\u00bb1.4em\u00bb border_style=\u00bbsolid\u00bb custom_margin=\u00bb||8px|\u00bb _builder_version=\u00bb3.0.67&#8243; module_alignment=\u00bbleft\u00bb disabled_on=\u00bbon|on|on\u00bb disabled=\u00bbon\u00bb]<\/p>\n<p>\u00daNETE<\/p>\n<p>[\/et_pb_text][et_pb_text global_parent=\u00bb4349&#8243; background_layout=\u00bblight\u00bb text_orientation=\u00bbleft\u00bb text_font=\u00bbSource Sans Pro||||\u00bb text_font_size=\u00bb18&#8243; text_text_color=\u00bb#ffffff\u00bb text_line_height=\u00bb2.2em\u00bb border_style=\u00bbsolid\u00bb custom_padding=\u00bb0px|||\u00bb _builder_version=\u00bb3.0.67&#8243; module_alignment=\u00bbleft\u00bb disabled_on=\u00bbon|on|on\u00bb disabled=\u00bbon\u00bb]<\/p>\n<p><a href=\"https:\/\/controlarms.org\/miembros\/?lang=es\"><span style=\"color: #ffffff\">Miembros<\/span><\/a><\/p>\n<p>[\/et_pb_text][\/et_pb_column][et_pb_column type=\u00bb1_4&#8243;][et_pb_text global_parent=\u00bb4349&#8243; background_layout=\u00bblight\u00bb text_orientation=\u00bbleft\u00bb text_font=\u00bbSource Sans Pro|on|||\u00bb text_font_size=\u00bb18&#8243; text_text_color=\u00bb#666666&#8243; text_line_height=\u00bb1.4em\u00bb border_style=\u00bbsolid\u00bb custom_margin=\u00bb||8px|\u00bb _builder_version=\u00bb3.0.101&#8243; module_alignment=\u00bbleft\u00bb disabled_on=\u00bboff|off|off\u00bb disabled=\u00bboff\u00bb]<\/p>\n<p>EL TRATADO<\/p>\n<p>[\/et_pb_text][et_pb_text global_parent=\u00bb4349&#8243; background_layout=\u00bblight\u00bb text_font=\u00bbSource Sans Pro||||\u00bb text_font_size=\u00bb18&#8243; text_text_color=\u00bb#ffffff\u00bb text_line_height=\u00bb2.2em\u00bb custom_padding=\u00bb0px|||\u00bb _builder_version=\u00bb3.0.101&#8243; module_alignment=\u00bbleft\u00bb disabled_on=\u00bboff|off|off\u00bb disabled=\u00bboff\u00bb]<\/p>\n<p><span style=\"color: #ffffff\"><a style=\"color: #ffffff\" href=\"https:\/\/controlarms.org\/att\/?lang=es\">TCA<\/a><\/span><br \/>\n<span style=\"color: #ffffff\"><a style=\"color: #ffffff\" href=\"https:\/\/controlarms.org\/reuniones-pasadas\/?lang=es\">Reuniones Pasadas<\/a><\/span><br \/>\n<a href=\"http:\/\/www.controlarms.org\/CSP\/?lang=es\"><span style=\"color: #ffffff\">CSP<\/span><\/a><\/p>\n<p>&nbsp;<\/p>\n<p>[\/et_pb_text][et_pb_text global_parent=\u00bb4349&#8243; background_layout=\u00bblight\u00bb text_orientation=\u00bbleft\u00bb text_font=\u00bbSource Sans Pro|on|||\u00bb text_font_size=\u00bb18&#8243; text_text_color=\u00bb#666666&#8243; text_line_height=\u00bb1.4em\u00bb border_style=\u00bbsolid\u00bb custom_margin=\u00bb||8px|\u00bb _builder_version=\u00bb3.0.67&#8243; module_alignment=\u00bbleft\u00bb disabled_on=\u00bbon|on|on\u00bb disabled=\u00bbon\u00bb]<\/p>\n<p>MEDIOS DE COMUNICACI\u00d3N<\/p>\n<p>[\/et_pb_text][et_pb_text global_parent=\u00bb4349&#8243; background_layout=\u00bblight\u00bb text_orientation=\u00bbleft\u00bb text_font=\u00bbSource Sans Pro||||\u00bb text_font_size=\u00bb18&#8243; text_text_color=\u00bb#ffffff\u00bb text_line_height=\u00bb2.2em\u00bb border_style=\u00bbsolid\u00bb custom_padding=\u00bb0px|||\u00bb _builder_version=\u00bb3.0.67&#8243; module_alignment=\u00bbleft\u00bb disabled_on=\u00bbon|on|on\u00bb disabled=\u00bbon\u00bb]<\/p>\n<p><span style=\"color: #ffffff\"><a style=\"color: #ffffff\" href=\"https:\/\/controlarms.org\/noticias\/?lang=es\">Noticias<\/a><\/span><br \/>\n<span style=\"color: #ffffff\"><a style=\"color: #ffffff\" href=\"#\">Prensa<\/a><\/span><br \/>\n<span style=\"color: #ffffff\"><a style=\"color: #ffffff\" href=\"#\">Titulares<\/a><\/span><\/p>\n<p>&nbsp;<\/p>\n<p>[\/et_pb_text][\/et_pb_column][et_pb_column type=\u00bb1_4&#8243;][et_pb_text global_parent=\u00bb4349&#8243; background_layout=\u00bblight\u00bb text_orientation=\u00bbleft\u00bb text_font=\u00bbSource Sans Pro|on|||\u00bb text_font_size=\u00bb18&#8243; text_text_color=\u00bb#666666&#8243; text_line_height=\u00bb1.4em\u00bb border_style=\u00bbsolid\u00bb custom_margin=\u00bb||8px|\u00bb _builder_version=\u00bb3.0.101&#8243; module_alignment=\u00bbleft\u00bb disabled_on=\u00bboff|off|off\u00bb disabled=\u00bboff\u00bb]<\/p>\n<p>RECURSOS<\/p>\n<p>[\/et_pb_text][et_pb_text global_parent=\u00bb4349&#8243; background_layout=\u00bblight\u00bb text_font=\u00bbSource Sans Pro||||\u00bb text_font_size=\u00bb18&#8243; text_text_color=\u00bb#ffffff\u00bb text_line_height=\u00bb2.2em\u00bb custom_padding=\u00bb0px|||\u00bb _builder_version=\u00bb3.0.101&#8243; module_alignment=\u00bbleft\u00bb disabled_on=\u00bboff|off|off\u00bb disabled=\u00bboff\u00bb]<\/p>\n<p><a href=\"https:\/\/controlarms.org\/investigacion-y-informes\/?lang=es\"><span style=\"color: #ffffff\">Reportes e Investigaci\u00f3n<\/span><\/a><\/p>\n<p>[\/et_pb_text][et_pb_text global_parent=\u00bb4349&#8243; background_layout=\u00bblight\u00bb text_orientation=\u00bbleft\u00bb text_font=\u00bbSource Sans Pro|on|||\u00bb text_font_size=\u00bb18&#8243; text_text_color=\u00bb#666666&#8243; text_line_height=\u00bb1.4em\u00bb border_style=\u00bbsolid\u00bb custom_margin=\u00bb||8px|\u00bb _builder_version=\u00bb3.0.67&#8243; module_alignment=\u00bbleft\u00bb disabled_on=\u00bbon|on|on\u00bb disabled=\u00bbon\u00bb]<\/p>\n<p>ATT LEGAL<\/p>\n<p>[\/et_pb_text][et_pb_text global_parent=\u00bb4349&#8243; background_layout=\u00bblight\u00bb text_orientation=\u00bbleft\u00bb text_font=\u00bbSource Sans Pro||||\u00bb text_font_size=\u00bb18&#8243; text_text_color=\u00bb#ffffff\u00bb text_line_height=\u00bb2.2em\u00bb border_style=\u00bbsolid\u00bb custom_padding=\u00bb0px|||\u00bb _builder_version=\u00bb3.0.67&#8243; module_alignment=\u00bbleft\u00bb disabled_on=\u00bbon|on|on\u00bb disabled=\u00bbon\u00bb]<\/p>\n<p><span style=\"color: #ffffff\"><a style=\"color: #ffffff\" href=\"#\">Acerca de ATT Legal<\/a><\/span><br \/>\n<span style=\"color: #ffffff\"><a style=\"color: #ffffff\" href=\"#\">Unirse a la Red<\/a><\/span><br \/>\n<span style=\"color: #ffffff\"><a style=\"color: #ffffff\" href=\"#\">Acceso a Asistencia Legal<\/a><\/span><br \/>\n<span style=\"color: #ffffff\"><a style=\"color: #ffffff\" href=\"#\">Recursos ATT Legal<\/a><\/span><br \/>\n<span style=\"color: #ffffff\"><a style=\"color: #ffffff\" href=\"#\">Contactar ATT Legal<\/a><\/span><\/p>\n<p>[\/et_pb_text][\/et_pb_column][\/et_pb_row][\/et_pb_section]<\/p>\n","protected":false},"excerpt":{"rendered":"<p>Conferencia de los Estados Parte en el Tratado sobre el Comercio de Armas El Tratado sobre el Comercio de Armas fue adoptado por la Asamblea General de las Naciones Unidas el 3 de abril de 2013 y entr\u00f3 en vigor el 24 de diciembre de 2014. Como lo exige el Art\u00edculo 17 del Tratado, la [&hellip;]<\/p>\n","protected":false},"author":1,"featured_media":0,"parent":27028,"menu_order":0,"comment_status":"closed","ping_status":"closed","template":"","meta":{"_et_pb_use_builder":"on","_et_pb_old_content":"","_et_gb_content_width":"","om_disable_all_campaigns":false,"_monsterinsights_skip_tracking":false,"_monsterinsights_sitenote_active":false,"_monsterinsights_sitenote_note":"","_monsterinsights_sitenote_category":0,"footnotes":""},"class_list":["post-27111","page","type-page","status-publish","hentry"],"aioseo_notices":[],"_links":{"self":[{"href":"https:\/\/controlarms.org\/es\/wp-json\/wp\/v2\/pages\/27111","targetHints":{"allow":["GET"]}}],"collection":[{"href":"https:\/\/controlarms.org\/es\/wp-json\/wp\/v2\/pages"}],"about":[{"href":"https:\/\/controlarms.org\/es\/wp-json\/wp\/v2\/types\/page"}],"author":[{"embeddable":true,"href":"https:\/\/controlarms.org\/es\/wp-json\/wp\/v2\/users\/1"}],"replies":[{"embeddable":true,"href":"https:\/\/controlarms.org\/es\/wp-json\/wp\/v2\/comments?post=27111"}],"version-history":[{"count":0,"href":"https:\/\/controlarms.org\/es\/wp-json\/wp\/v2\/pages\/27111\/revisions"}],"up":[{"embeddable":true,"href":"https:\/\/controlarms.org\/es\/wp-json\/wp\/v2\/pages\/27028"}],"wp:attachment":[{"href":"https:\/\/controlarms.org\/es\/wp-json\/wp\/v2\/media?parent=27111"}],"curies":[{"name":"wp","href":"https:\/\/api.w.org\/{rel}","templated":true}]}}