{"id":27138,"date":"2018-05-25T18:43:33","date_gmt":"2018-05-25T18:43:33","guid":{"rendered":"http:\/\/controlarms.org\/csp-2017\/conferencias-preparatorias-para-csp-2017-y-reuniones-de-grupos-de-trabajo\/"},"modified":"2018-05-25T18:43:33","modified_gmt":"2018-05-25T18:43:33","slug":"conferencias-preparatorias-para-csp-2017-y-reuniones-de-grupos-de-trabajo","status":"publish","type":"page","link":"https:\/\/controlarms.org\/es\/reuniones-pasadas\/csp-2017\/conferencias-preparatorias-para-csp-2017-y-reuniones-de-grupos-de-trabajo\/","title":{"rendered":"Conferencias Preparatorias para CSP 2017 y Reuniones de Grupos de Trabajo"},"content":{"rendered":"<p>[et_pb_section fb_built=\u00bb1&#8243; _builder_version=\u00bb3.0.106&#8243;][et_pb_row _builder_version=\u00bb3.0.47&#8243; background_size=\u00bbinitial\u00bb background_position=\u00bbtop_left\u00bb background_repeat=\u00bbrepeat\u00bb][et_pb_column type=\u00bb4_4&#8243; _builder_version=\u00bb3.0.47&#8243; parallax=\u00bboff\u00bb parallax_method=\u00bbon\u00bb][et_pb_text _builder_version=\u00bb3.0.106&#8243;]<\/p>\n<h1><strong>Conferencia de los Estados Parte en el Tratado sobre el Comercio de Armas<\/strong><\/h1>\n<p>El Tratado sobre el Comercio de Armas fue adoptado por la Asamblea General de las Naciones Unidas el 3 de abril de 2013 y entr\u00f3 en vigor el 24 de diciembre de 2014. Como lo exige el Art\u00edculo 17 del Tratado, la Secretar\u00eda Provisional convoc\u00f3 una Conferencia de los Estados Parte un a\u00f1o despu\u00e9s de la entrada en vigor del Tratado.<\/p>\n<ul>\n<li style=\"font-weight: 400\">M\u00e9xico presidi\u00f3<a href=\"https:\/\/controlarms.org\/csp-2015\/?lang=es\"> la Primera Conferencia de Estados Parte<\/a> del 24 al 27 de agosto de 2015 en la Ciudad de M\u00e9xico, M\u00e9xico.<\/li>\n<li style=\"font-weight: 400\">Nigeria presidi\u00f3 <a href=\"https:\/\/controlarms.org\/csp-2016\/?lang=es\">la Segunda Conferencia de Estados Parte<\/a> del 22 al 26 de agosto de 2016, en Ginebra, Suiza.<\/li>\n<li style=\"font-weight: 400\">Finlandia presidi\u00f3 <a href=\"https:\/\/controlarms.org\/csp-2017\/?lang=es\">la Tercera Conferencia de los Estados Parte<\/a> del 11 al 15 de septiembre de 2017, en Ginebra, Suiza<\/li>\n<\/ul>\n<p>La aprobaci\u00f3n del Tratado sobre el Comercio de Armas fue una victoria hist\u00f3rica. Sin embargo, su impacto humanitario depender\u00e1 de la efectividad de su implementaci\u00f3n. El CSP es una parte importante de esto, ya que el foro anual es donde los Estados Parte, los signatarios, los organismos de la ONU y la sociedad civil se re\u00fanen para evaluar y discutir el progreso de la implementaci\u00f3n.<\/p>\n<p>&nbsp;<br \/>\n[\/et_pb_text][et_pb_divider color=\u00bb#000000&#8243; show_divider=\u00bbon\u00bb _builder_version=\u00bb3.0.106&#8243; max_width=\u00bb30%\u00bb][\/et_pb_divider][\/et_pb_column][\/et_pb_row][et_pb_row _builder_version=\u00bb3.0.47&#8243; background_size=\u00bbinitial\u00bb background_position=\u00bbtop_left\u00bb background_repeat=\u00bbrepeat\u00bb][et_pb_column type=\u00bb4_4&#8243; _builder_version=\u00bb3.0.47&#8243; parallax=\u00bboff\u00bb parallax_method=\u00bbon\u00bb][et_pb_post_title _builder_version=\u00bb3.0.106&#8243;][\/et_pb_post_title][\/et_pb_column][\/et_pb_row][et_pb_row _builder_version=\u00bb3.0.47&#8243; background_size=\u00bbinitial\u00bb background_position=\u00bbtop_left\u00bb background_repeat=\u00bbrepeat\u00bb][et_pb_column type=\u00bb1_3&#8243; _builder_version=\u00bb3.0.47&#8243; parallax=\u00bboff\u00bb parallax_method=\u00bbon\u00bb][et_pb_text _builder_version=\u00bb3.0.106&#8243;]<\/p>\n<h5>Grupos de Trabajo sobre la Implementaci\u00f3n Efectiva del Tratado (WGETI), Transparencia e Informes (WGTU) y Universalizaci\u00f3n de Tratados (WGTU) y Primera Reuni\u00f3n Preparatoria Informal de CSP3<\/h5>\n<p><strong>Ginebra, Suiza, 06 &#8211; 09, 16 de febrero de 2017<\/strong><\/p>\n<p><strong>Informe Resumido<\/strong><\/p>\n<ul>\n<li><a href=\"https:\/\/controlarms.org\/wp-content\/uploads\/2018\/04\/Working-Groups-Summary-Reports.pdf\">Informes de Resumen de Grupos de Trabajo<\/a><\/li>\n<li><a href=\"https:\/\/controlarms.org\/wp-content\/uploads\/2018\/04\/First-CSP-Preparatory-Meeting-Summary-Report.pdf\">Primer Informe Resumido de la Reuni\u00f3n Preparatoria CSP<\/a><\/li>\n<\/ul>\n<p>[\/et_pb_text][\/et_pb_column][et_pb_column type=\u00bb1_3&#8243; _builder_version=\u00bb3.0.47&#8243; parallax=\u00bboff\u00bb parallax_method=\u00bbon\u00bb][et_pb_text _builder_version=\u00bb3.0.106&#8243;]<\/p>\n<h5>Segunda Reuni\u00f3n Preparatoria Informal de CSP3 y Grupo de Trabajo sobre Transparencia y Presentaci\u00f3n de Informes (WGTU)<\/h5>\n<p><strong>Ginebra, Suiza &#8211; 06 &#8211; 07 de abril de 2017<\/strong><\/p>\n<p><strong>Informaci\u00f3n de fondo<\/strong><\/p>\n<p><a href=\"https:\/\/controlarms.org\/wp-content\/uploads\/2018\/04\/Reasons-to-Attend-the-Preparatory-Meetings.pdf\">Razones para asistir a las reuniones preparatorias<\/a><\/p>\n<p><strong>Informe Resumido<\/strong><\/p>\n<ul>\n<li><a href=\"https:\/\/controlarms.org\/wp-content\/uploads\/2018\/04\/WGTU-Summary-Report.pdf\">Informe Resumido de WGTU<\/a><\/li>\n<li><a href=\"https:\/\/controlarms.org\/wp-content\/uploads\/2018\/04\/Second-CSP-Preparatory-Meeting-Summary-Report.pdf\">Segundo Informe Resumido de la Reuni\u00f3n Preparatoria CSP<\/a><\/li>\n<\/ul>\n<p>&nbsp;[\/et_pb_text][\/et_pb_column][et_pb_column type=\u00bb1_3&#8243; _builder_version=\u00bb3.0.47&#8243; parallax=\u00bboff\u00bb parallax_method=\u00bbon\u00bb][et_pb_text _builder_version=\u00bb3.0.106&#8243;]<\/p>\n<h5>Grupos de Trabajo sobre la Implementaci\u00f3n Efectiva del Tratado (WGETI), Transparencia e Informes (WGTU) y Universalizaci\u00f3n de Tratados (WGTU) y Tercera Reuni\u00f3n Preparatoria Informal de CSP3<\/h5>\n<p><strong>Ginebra, Suiza, 29 &#8211; 31 de mayo, 1 de junio de 2017<\/strong><\/p>\n<p><strong>Informaci\u00f3n de fondo<\/strong><\/p>\n<ul>\n<li><a href=\"https:\/\/controlarms.org\/wp-content\/uploads\/2018\/04\/spanish.pdf\">Razones para asistir a las reuniones preparatorias de los Estados Partes<\/a> [<a href=\"https:\/\/controlarms.org\/wp-content\/uploads\/2018\/04\/Reasons-to-Attend-the-Preparatory-Meetings-for-States-Parties.pdf\">Ingl\u00e9s<\/a>] [<a href=\"https:\/\/controlarms.org\/wp-content\/uploads\/2018\/04\/french.pdf\">Franc\u00e9s<\/a>]<\/li>\n<li><a href=\"https:\/\/controlarms.org\/wp-content\/uploads\/2018\/04\/spanish-2.pdf\">Razones para asistir a las reuniones preparatorias de los Estados signatarios y observadores<\/a> [<a href=\"https:\/\/controlarms.org\/wp-content\/uploads\/2018\/04\/Reasons-to-Attend-the-Preparatory-Meetings-for-Signatory-and-Observer-States.pdf\">Ingl\u00e9s<\/a>] [<a href=\"https:\/\/controlarms.org\/wp-content\/uploads\/2018\/04\/french-1.pdf\">Franc\u00e9s<\/a>]<\/li>\n<\/ul>\n<p><strong>Informe Resumido<\/strong><\/p>\n<ul>\n<li><a href=\"https:\/\/controlarms.org\/wp-content\/uploads\/2018\/04\/Working-Groups-Summary-Reports-1.pdf\">Informes de Resumen de Grupos de Trabajo<\/a><\/li>\n<li><a href=\"https:\/\/controlarms.org\/wp-content\/uploads\/2018\/04\/Third-CSP-Preparatory-Meeting-Summary-Report-1.pdf\">Tercer Informe Resumido de la Reuni\u00f3n Preparatoria CSP<\/a><\/li>\n<\/ul>\n<p>[\/et_pb_text][\/et_pb_column][\/et_pb_row][\/et_pb_section]<\/p>\n","protected":false},"excerpt":{"rendered":"<p>Conferencia de los Estados Parte en el Tratado sobre el Comercio de Armas El Tratado sobre el Comercio de Armas fue adoptado por la Asamblea General de las Naciones Unidas el 3 de abril de 2013 y entr\u00f3 en vigor el 24 de diciembre de 2014. Como lo exige el Art\u00edculo 17 del Tratado, la [&hellip;]<\/p>\n","protected":false},"author":2,"featured_media":0,"parent":27111,"menu_order":0,"comment_status":"closed","ping_status":"closed","template":"","meta":{"_et_pb_use_builder":"on","_et_pb_old_content":"<div class=\"content_header\">CSP 2017 Preparatory Meetings and Working Group Meetings<\/div><h3>\u00a0<\/h3><h3><strong>Working Groups on Effective Treaty Implementation (WGETI), Transparency and Reporting (WGTU) and Treaty Universalization (WGTU)<\/strong><\/h3><p>06 \u2013 09 February 2017<\/p><h3><strong>First CSP3 Informal Preparatory Meeting\u00a0<\/strong><\/h3><p>16 February 2017<\/p><p><strong>Background info<\/strong><\/p><p><strong>Summary Report<\/strong><\/p><ul><li>Working Groups Summary Reports<\/li><li>First CSP Preparatory Meeting Summary Report<\/li><\/ul><p>\u00a0<\/p><h3><strong>Second CSP3 Informal Preparatory Meeting\u00a0and Working Group on Transparency and Reporting (WGTU)\u00a0<\/strong><\/h3><p><strong>Geneva<\/strong><\/p><p>06 \u2013 07 April 2017<\/p><p>\u00a0<\/p><p><strong>Background info<\/strong><\/p><p>Reasons to Attend the Preparatory Meetings<\/p><p><strong>Summary Report<\/strong><\/p><ul><li>WGTU Summary Report<\/li><li>Second CSP Preparatory Meeting Summary Report<\/li><\/ul><p>\u00a0<\/p><h3><strong>Working Groups on Effective Treaty Implementation (WGETI), Transparency and Reporting (WGTU) and Treaty Universalization (WGTU)<\/strong><\/h3><p>29 -31 May 2017<\/p><h3><strong>Third CSP3 Informal Preparatory Meeting<\/strong><\/h3><p>1 June 2017<\/p><p><strong>Background info<\/strong><\/p><ul><li>Reasons to Attend the Preparatory Meetings for States Parties\u00a0[French] [Spanish]<\/li><li>Reasons to Attend the Preparatory Meetings for Signatory and Observer States\u00a0[French] [Spanish]<\/li><\/ul><p><strong>Summary Report<\/strong><\/p><ul><li>Working Groups Summary Reports<\/li><li>Third CSP Preparatory Meeting Summary Report<\/li><\/ul>","_et_gb_content_width":"","om_disable_all_campaigns":false,"_monsterinsights_skip_tracking":false,"_monsterinsights_sitenote_active":false,"_monsterinsights_sitenote_note":"","_monsterinsights_sitenote_category":0,"footnotes":""},"class_list":["post-27138","page","type-page","status-publish","hentry"],"aioseo_notices":[],"_links":{"self":[{"href":"https:\/\/controlarms.org\/es\/wp-json\/wp\/v2\/pages\/27138","targetHints":{"allow":["GET"]}}],"collection":[{"href":"https:\/\/controlarms.org\/es\/wp-json\/wp\/v2\/pages"}],"about":[{"href":"https:\/\/controlarms.org\/es\/wp-json\/wp\/v2\/types\/page"}],"author":[{"embeddable":true,"href":"https:\/\/controlarms.org\/es\/wp-json\/wp\/v2\/users\/2"}],"replies":[{"embeddable":true,"href":"https:\/\/controlarms.org\/es\/wp-json\/wp\/v2\/comments?post=27138"}],"version-history":[{"count":0,"href":"https:\/\/controlarms.org\/es\/wp-json\/wp\/v2\/pages\/27138\/revisions"}],"up":[{"embeddable":true,"href":"https:\/\/controlarms.org\/es\/wp-json\/wp\/v2\/pages\/27111"}],"wp:attachment":[{"href":"https:\/\/controlarms.org\/es\/wp-json\/wp\/v2\/media?parent=27138"}],"curies":[{"name":"wp","href":"https:\/\/api.w.org\/{rel}","templated":true}]}}